{"id":155755,"date":"2025-04-05T17:39:58","date_gmt":"2025-04-05T14:39:58","guid":{"rendered":"https:\/\/4room.lv\/?post_type=product&#038;p=155755"},"modified":"2025-12-28T19:18:59","modified_gmt":"2025-12-28T17:18:59","slug":"carpet-solar-200-grey-terra","status":"publish","type":"product","link":"https:\/\/4room.lv\/en\/veikals\/interjeram\/paklaji\/carpet-solar-200-grey-terra\/","title":{"rendered":"Carpet Solar &#8216;200 Grey\/Terra"},"content":{"rendered":"","protected":false},"excerpt":{"rendered":"<p>Dabas iedvesmots marmora raksts kur sp\u0113l\u0113j\u0101s daz\u0101di pel\u0113kie un r\u016bsas br\u016bnie to\u0146i. Kop\u0101 radot pel\u0113c\u012bgi roz\u012bgu pakl\u0101ju. Pakl\u0101js ir no augstas kvalit\u0101tes Decolan polipropil\u0113na dzijas, kas izdze\u013c\u0101s ar lielisku iztur\u012bbu.<\/p>\n<p>Pakl\u0101js ir 200cm diametr\u0101.<\/p>\n","protected":false},"featured_media":155756,"template":"","meta":[],"product_cat":[130,133],"product_tag":[],"class_list":{"0":"post-155755","1":"product","2":"type-product","3":"status-publish","4":"has-post-thumbnail","6":"product_brand-dutch-bone","7":"product_brand-white-label-living","8":"product_brand-zuiver","9":"product_cat-interjeram","10":"product_cat-paklaji","12":"first","13":"instock","14":"shipping-taxable","15":"purchasable","16":"product-type-simple","17":"hongo-alternate-image-wrap"},"_links":{"self":[{"href":"https:\/\/4room.lv\/en\/wp-json\/wp\/v2\/product\/155755","targetHints":{"allow":["GET"]}}],"collection":[{"href":"https:\/\/4room.lv\/en\/wp-json\/wp\/v2\/product"}],"about":[{"href":"https:\/\/4room.lv\/en\/wp-json\/wp\/v2\/types\/product"}],"wp:featuredmedia":[{"embeddable":true,"href":"https:\/\/4room.lv\/en\/wp-json\/wp\/v2\/media\/155756"}],"wp:attachment":[{"href":"https:\/\/4room.lv\/en\/wp-json\/wp\/v2\/media?parent=155755"}],"wp:term":[{"taxonomy":"product_cat","embeddable":true,"href":"https:\/\/4room.lv\/en\/wp-json\/wp\/v2\/product_cat?post=155755"},{"taxonomy":"product_tag","embeddable":true,"href":"https:\/\/4room.lv\/en\/wp-json\/wp\/v2\/product_tag?post=155755"}],"curies":[{"name":"wp","href":"https:\/\/api.w.org\/{rel}","templated":true}]}}