{"id":155843,"date":"2025-04-07T12:57:09","date_gmt":"2025-04-07T09:57:09","guid":{"rendered":"https:\/\/4room.lv\/?post_type=product&#038;p=155843"},"modified":"2025-04-07T12:57:09","modified_gmt":"2025-04-07T09:57:09","slug":"chlorophilia-2","status":"publish","type":"product","link":"https:\/\/4room.lv\/en\/veikals\/apgaismojums\/dekorativais\/chlorophilia-2\/","title":{"rendered":"Chlorophilia 2"},"content":{"rendered":"","protected":false},"excerpt":{"rendered":"<p>Chlorofilia mode\u013ca rad\u012bt\u0101js Ross Lovegrove irdvesmu guva no orgainskiem elementiem, kas nolas\u0101ms ar\u012b gaismek\u013ca dizain\u0101. Daudzl\u012bme\u0146u akrila lapas rada unik\u0101lu efektu, kad uz tam gaismekl\u012b eso\u0161asi Led izstaro gaismo. Radot t\u0101du k\u0101 bezgal\u012bgu efektu, pateicoties \u0113nu sp\u0113l\u0113m. Gaismeklis viennoz\u012bm\u012bgi b\u016bs unik\u0101ls dizaina objekts telp\u0101, glu\u017ei k\u0101 m\u0101kslas darbs uz j\u016bsu griestiem.<\/p>\n","protected":false},"featured_media":155847,"template":"","meta":[],"product_cat":[1058,127,147],"product_tag":[],"class_list":{"0":"post-155843","1":"product","2":"type-product","3":"status-publish","4":"has-post-thumbnail","6":"product_brand-artemide","7":"product_cat-dizaina","8":"product_cat-apgaismojums","9":"product_cat-dekorativais","11":"first","12":"instock","13":"shipping-taxable","14":"purchasable","15":"product-type-simple","16":"hongo-alternate-image-wrap"},"_links":{"self":[{"href":"https:\/\/4room.lv\/en\/wp-json\/wp\/v2\/product\/155843","targetHints":{"allow":["GET"]}}],"collection":[{"href":"https:\/\/4room.lv\/en\/wp-json\/wp\/v2\/product"}],"about":[{"href":"https:\/\/4room.lv\/en\/wp-json\/wp\/v2\/types\/product"}],"wp:featuredmedia":[{"embeddable":true,"href":"https:\/\/4room.lv\/en\/wp-json\/wp\/v2\/media\/155847"}],"wp:attachment":[{"href":"https:\/\/4room.lv\/en\/wp-json\/wp\/v2\/media?parent=155843"}],"wp:term":[{"taxonomy":"product_cat","embeddable":true,"href":"https:\/\/4room.lv\/en\/wp-json\/wp\/v2\/product_cat?post=155843"},{"taxonomy":"product_tag","embeddable":true,"href":"https:\/\/4room.lv\/en\/wp-json\/wp\/v2\/product_tag?post=155843"}],"curies":[{"name":"wp","href":"https:\/\/api.w.org\/{rel}","templated":true}]}}