{"id":155898,"date":"2025-04-07T15:27:02","date_gmt":"2025-04-07T12:27:02","guid":{"rendered":"https:\/\/4room.lv\/?post_type=product&#038;p=155898"},"modified":"2025-04-07T15:27:02","modified_gmt":"2025-04-07T12:27:02","slug":"dicte-53-pendant-white","status":"publish","type":"product","link":"https:\/\/4room.lv\/en\/veikals\/apgaismojums\/dekorativais\/dicte-53-pendant-white\/","title":{"rendered":"Dicte 53 Pendant White"},"content":{"rendered":"","protected":false},"excerpt":{"rendered":"<p>Eleganatis gaismek\u013ca aba\u017e\u016brs ir ar r\u016bp\u012bbu\u00a0 plis\u0113ts no pl\u0101n\u0101m auduma lent\u0101m. Audums gaismu padara maigu un pat\u012bkamu, radot m\u0101j\u012bgu noska\u0146u. Iek\u0161\u0101 nepeicie\u0161ama 1 E27 spuldze, kuru variet izv\u0113l\u0113ties p\u0113c ieskatiem.<\/p>\n","protected":false},"featured_media":155899,"template":"","meta":[],"product_cat":[127,147],"product_tag":[],"class_list":{"0":"post-155898","1":"product","2":"type-product","3":"status-publish","4":"has-post-thumbnail","6":"product_brand-nordlux","7":"product_cat-apgaismojums","8":"product_cat-dekorativais","10":"first","11":"instock","12":"shipping-taxable","13":"purchasable","14":"product-type-simple","15":"hongo-alternate-image-wrap"},"_links":{"self":[{"href":"https:\/\/4room.lv\/en\/wp-json\/wp\/v2\/product\/155898","targetHints":{"allow":["GET"]}}],"collection":[{"href":"https:\/\/4room.lv\/en\/wp-json\/wp\/v2\/product"}],"about":[{"href":"https:\/\/4room.lv\/en\/wp-json\/wp\/v2\/types\/product"}],"wp:featuredmedia":[{"embeddable":true,"href":"https:\/\/4room.lv\/en\/wp-json\/wp\/v2\/media\/155899"}],"wp:attachment":[{"href":"https:\/\/4room.lv\/en\/wp-json\/wp\/v2\/media?parent=155898"}],"wp:term":[{"taxonomy":"product_cat","embeddable":true,"href":"https:\/\/4room.lv\/en\/wp-json\/wp\/v2\/product_cat?post=155898"},{"taxonomy":"product_tag","embeddable":true,"href":"https:\/\/4room.lv\/en\/wp-json\/wp\/v2\/product_tag?post=155898"}],"curies":[{"name":"wp","href":"https:\/\/api.w.org\/{rel}","templated":true}]}}