{"id":155959,"date":"2025-04-07T17:37:04","date_gmt":"2025-04-07T14:37:04","guid":{"rendered":"https:\/\/4room.lv\/?post_type=product&#038;p=155959"},"modified":"2025-12-28T19:18:59","modified_gmt":"2025-12-28T17:18:59","slug":"seven-cabinet-natural","status":"publish","type":"product","link":"https:\/\/4room.lv\/en\/veikals\/mebeles\/plaukti-un-skapji\/seven-cabinet-natural\/","title":{"rendered":"Seven Cabinet Natural"},"content":{"rendered":"","protected":false},"excerpt":{"rendered":"<p>Unik\u0101l\u0101 dizaina koka plaukts b\u016bs dekorat\u012bvs un efekt\u012bgs dizaina objekts j\u016bsu interjer\u0101. Taj\u0101 var unik\u0101li izvietot da\u017e\u0101dus priek\u0161metus, pies\u0137irot plauktam person\u012bbu.<\/p>\n<p>Plauktu var novietot gan vertik\u0101li, gan horizont\u0101li.<\/p>\n","protected":false},"featured_media":155960,"template":"","meta":[],"product_cat":[129,143],"product_tag":[],"class_list":{"0":"post-155959","1":"product","2":"type-product","3":"status-publish","4":"has-post-thumbnail","6":"product_brand-dutch-bone","7":"product_brand-white-label-living","8":"product_brand-zuiver","9":"product_cat-mebeles","10":"product_cat-plaukti-un-skapji","12":"first","13":"instock","14":"shipping-taxable","15":"purchasable","16":"product-type-simple","17":"hongo-alternate-image-wrap"},"_links":{"self":[{"href":"https:\/\/4room.lv\/en\/wp-json\/wp\/v2\/product\/155959","targetHints":{"allow":["GET"]}}],"collection":[{"href":"https:\/\/4room.lv\/en\/wp-json\/wp\/v2\/product"}],"about":[{"href":"https:\/\/4room.lv\/en\/wp-json\/wp\/v2\/types\/product"}],"wp:featuredmedia":[{"embeddable":true,"href":"https:\/\/4room.lv\/en\/wp-json\/wp\/v2\/media\/155960"}],"wp:attachment":[{"href":"https:\/\/4room.lv\/en\/wp-json\/wp\/v2\/media?parent=155959"}],"wp:term":[{"taxonomy":"product_cat","embeddable":true,"href":"https:\/\/4room.lv\/en\/wp-json\/wp\/v2\/product_cat?post=155959"},{"taxonomy":"product_tag","embeddable":true,"href":"https:\/\/4room.lv\/en\/wp-json\/wp\/v2\/product_tag?post=155959"}],"curies":[{"name":"wp","href":"https:\/\/api.w.org\/{rel}","templated":true}]}}