{"id":155978,"date":"2025-04-07T17:57:48","date_gmt":"2025-04-07T14:57:48","guid":{"rendered":"https:\/\/4room.lv\/?post_type=product&#038;p=155978"},"modified":"2025-04-07T17:57:48","modified_gmt":"2025-04-07T14:57:48","slug":"nino-wall","status":"publish","type":"product","link":"https:\/\/4room.lv\/en\/veikals\/apgaismojums\/dekorativais\/nino-wall\/","title":{"rendered":"Nino wall"},"content":{"rendered":"","protected":false},"excerpt":{"rendered":"<p>Interesants sinas gaismeklis, kas veiksm\u012bgi apvieno formas un materi\u0101lus. Uz dab\u012bga marmora b\u0101zes stirpin\u0101s melna met\u0101la k\u0101ji\u0146a, kur misi\u0146a konus\u0101 rot\u0101jas bieza stikla l\u0113ca. L\u0113ca lielsiki dod gaismu, bet neap\u017eilbina jo led modulis pasl\u0113pts. Uz gaismek\u013ca ir piesk\u0101riena iesl\u0113g\u0161anas\/izsl\u0113g\u0161anas un dim\u0113\u0161anas sl\u0113dz\u012bts.<\/p>\n","protected":false},"featured_media":155979,"template":"","meta":[],"product_cat":[1058,127,147],"product_tag":[],"class_list":{"0":"post-155978","1":"product","2":"type-product","3":"status-publish","4":"has-post-thumbnail","6":"product_brand-aromas-del-campo","7":"product_cat-dizaina","8":"product_cat-apgaismojums","9":"product_cat-dekorativais","11":"first","12":"instock","13":"shipping-taxable","14":"purchasable","15":"product-type-simple","16":"hongo-alternate-image-wrap"},"_links":{"self":[{"href":"https:\/\/4room.lv\/en\/wp-json\/wp\/v2\/product\/155978","targetHints":{"allow":["GET"]}}],"collection":[{"href":"https:\/\/4room.lv\/en\/wp-json\/wp\/v2\/product"}],"about":[{"href":"https:\/\/4room.lv\/en\/wp-json\/wp\/v2\/types\/product"}],"wp:featuredmedia":[{"embeddable":true,"href":"https:\/\/4room.lv\/en\/wp-json\/wp\/v2\/media\/155979"}],"wp:attachment":[{"href":"https:\/\/4room.lv\/en\/wp-json\/wp\/v2\/media?parent=155978"}],"wp:term":[{"taxonomy":"product_cat","embeddable":true,"href":"https:\/\/4room.lv\/en\/wp-json\/wp\/v2\/product_cat?post=155978"},{"taxonomy":"product_tag","embeddable":true,"href":"https:\/\/4room.lv\/en\/wp-json\/wp\/v2\/product_tag?post=155978"}],"curies":[{"name":"wp","href":"https:\/\/api.w.org\/{rel}","templated":true}]}}