{"id":155998,"date":"2025-04-08T10:20:17","date_gmt":"2025-04-08T07:20:17","guid":{"rendered":"https:\/\/4room.lv\/?post_type=product&#038;p=155998"},"modified":"2025-12-28T19:18:59","modified_gmt":"2025-12-28T17:18:59","slug":"armchair-tiger-ekspozicijas-modelis-viena-eksemplara","status":"publish","type":"product","link":"https:\/\/4room.lv\/en\/veikals\/mebeles\/kresli\/armchair-tiger-ekspozicijas-modelis-viena-eksemplara\/","title":{"rendered":"Armchair Tiger &#8211; ekspoz\u012bcijas modelis vien\u0101 eksempl\u0101r\u0101"},"content":{"rendered":"","protected":false},"excerpt":{"rendered":"<p>Kr\u0113sls no rotangas ar m\u012bsktu s\u0113\u017eas spilvenu dab\u012bgos to\u0146os un meln\u0101m met\u0101la k\u0101j\u0101m. Stil\u012bgs un \u0113rts kr\u0113sls interjera papildin\u0101\u0161anai.<\/p>\n<p>Kr\u0113sls vien\u0101 eksempl\u0101r\u0101 atrodas m\u016bsu ekspoz\u012bcij\u0101 un vairs nav ra\u017eot\u0101ja pied\u0101v\u0101jum\u0101.<\/p>\n","protected":false},"featured_media":156002,"template":"","meta":[],"product_cat":[129,144],"product_tag":[],"class_list":{"0":"post-155998","1":"product","2":"type-product","3":"status-publish","4":"has-post-thumbnail","6":"product_brand-dutch-bone","7":"product_brand-white-label-living","8":"product_brand-zuiver","9":"product_cat-mebeles","10":"product_cat-kresli","12":"first","13":"instock","14":"shipping-taxable","15":"purchasable","16":"product-type-simple","17":"hongo-alternate-image-wrap"},"_links":{"self":[{"href":"https:\/\/4room.lv\/en\/wp-json\/wp\/v2\/product\/155998","targetHints":{"allow":["GET"]}}],"collection":[{"href":"https:\/\/4room.lv\/en\/wp-json\/wp\/v2\/product"}],"about":[{"href":"https:\/\/4room.lv\/en\/wp-json\/wp\/v2\/types\/product"}],"wp:featuredmedia":[{"embeddable":true,"href":"https:\/\/4room.lv\/en\/wp-json\/wp\/v2\/media\/156002"}],"wp:attachment":[{"href":"https:\/\/4room.lv\/en\/wp-json\/wp\/v2\/media?parent=155998"}],"wp:term":[{"taxonomy":"product_cat","embeddable":true,"href":"https:\/\/4room.lv\/en\/wp-json\/wp\/v2\/product_cat?post=155998"},{"taxonomy":"product_tag","embeddable":true,"href":"https:\/\/4room.lv\/en\/wp-json\/wp\/v2\/product_tag?post=155998"}],"curies":[{"name":"wp","href":"https:\/\/api.w.org\/{rel}","templated":true}]}}