{"id":156024,"date":"2025-04-08T17:51:14","date_gmt":"2025-04-08T14:51:14","guid":{"rendered":"https:\/\/4room.lv\/?post_type=product&#038;p=156024"},"modified":"2025-12-28T19:18:59","modified_gmt":"2025-12-28T17:18:59","slug":"mirror-round-wall-40","status":"publish","type":"product","link":"https:\/\/4room.lv\/en\/veikals\/interjeram\/spoguli\/mirror-round-wall-40\/","title":{"rendered":"Mirror Round Wall 40"},"content":{"rendered":"","protected":false},"excerpt":{"rendered":"<p>Spogulis ar ozolkoka finiera r\u0101mi, kam gudri pasl\u0113pts nodal\u012bjums sadz\u012bves s\u012bkumiem. Lielisks risin\u0101jums priek\u0161nam\u0101, kur pirms izie\u0161anas pa\u0137ert atsl\u0113gas un uzmest aci spogul\u012b.<\/p>\n","protected":false},"featured_media":156025,"template":"","meta":[],"product_cat":[130,134],"product_tag":[],"class_list":{"0":"post-156024","1":"product","2":"type-product","3":"status-publish","4":"has-post-thumbnail","6":"product_brand-dutch-bone","7":"product_brand-white-label-living","8":"product_brand-zuiver","9":"product_cat-interjeram","10":"product_cat-spoguli","12":"first","13":"instock","14":"shipping-taxable","15":"purchasable","16":"product-type-simple","17":"hongo-alternate-image-wrap"},"_links":{"self":[{"href":"https:\/\/4room.lv\/en\/wp-json\/wp\/v2\/product\/156024","targetHints":{"allow":["GET"]}}],"collection":[{"href":"https:\/\/4room.lv\/en\/wp-json\/wp\/v2\/product"}],"about":[{"href":"https:\/\/4room.lv\/en\/wp-json\/wp\/v2\/types\/product"}],"wp:featuredmedia":[{"embeddable":true,"href":"https:\/\/4room.lv\/en\/wp-json\/wp\/v2\/media\/156025"}],"wp:attachment":[{"href":"https:\/\/4room.lv\/en\/wp-json\/wp\/v2\/media?parent=156024"}],"wp:term":[{"taxonomy":"product_cat","embeddable":true,"href":"https:\/\/4room.lv\/en\/wp-json\/wp\/v2\/product_cat?post=156024"},{"taxonomy":"product_tag","embeddable":true,"href":"https:\/\/4room.lv\/en\/wp-json\/wp\/v2\/product_tag?post=156024"}],"curies":[{"name":"wp","href":"https:\/\/api.w.org\/{rel}","templated":true}]}}