{"id":156137,"date":"2025-04-09T15:42:47","date_gmt":"2025-04-09T12:42:47","guid":{"rendered":"https:\/\/4room.lv\/?post_type=product&#038;p=156137"},"modified":"2025-04-09T15:42:47","modified_gmt":"2025-04-09T12:42:47","slug":"arki-table-240x120","status":"publish","type":"product","link":"https:\/\/4room.lv\/en\/veikals\/biroja-mebeles\/biroja-galdi\/arki-table-240x120\/","title":{"rendered":"Arki table 240&#215;120"},"content":{"rendered":"","protected":false},"excerpt":{"rendered":"<p>Pasaul\u0113 labi zin\u0101m\u0101 ra\u017eot\u0101ja Pedrali viens no ikoniskajiem galdiem ir Arki. Vienk\u0101r\u0161s dizain\u0101, bet vienm\u0113r akttu\u0101ls. Galdam centr\u0101 ir sl\u0113pts nodal\u012bjums kabe\u013cu organiz\u0113\u0161anai, l\u012bdz ar to tas b\u016bs lielsisk ofisa vajad\u017e\u012bb\u0101m. Tam ir izmantoti augstv\u0113rt\u012bgi un kvalitat\u012bvi materi\u0101li. M\u0113beles tiek ra\u017eotas It\u0101lij\u0101 un p\u0101rbaud\u012btas p\u0113c visiem EU normat\u012bviem priek\u0161 m\u0113bel\u0113m, kas piem\u0113rotas publisk\u0101m telp\u0101m.<\/p>\n","protected":false},"featured_media":156148,"template":"","meta":[],"product_cat":[131,338],"product_tag":[],"class_list":{"0":"post-156137","1":"product","2":"type-product","3":"status-publish","4":"has-post-thumbnail","6":"product_brand-pedrali","7":"product_cat-biroja-mebeles","8":"product_cat-biroja-galdi","10":"first","11":"instock","12":"shipping-taxable","13":"purchasable","14":"product-type-simple","15":"hongo-alternate-image-wrap"},"_links":{"self":[{"href":"https:\/\/4room.lv\/en\/wp-json\/wp\/v2\/product\/156137","targetHints":{"allow":["GET"]}}],"collection":[{"href":"https:\/\/4room.lv\/en\/wp-json\/wp\/v2\/product"}],"about":[{"href":"https:\/\/4room.lv\/en\/wp-json\/wp\/v2\/types\/product"}],"wp:featuredmedia":[{"embeddable":true,"href":"https:\/\/4room.lv\/en\/wp-json\/wp\/v2\/media\/156148"}],"wp:attachment":[{"href":"https:\/\/4room.lv\/en\/wp-json\/wp\/v2\/media?parent=156137"}],"wp:term":[{"taxonomy":"product_cat","embeddable":true,"href":"https:\/\/4room.lv\/en\/wp-json\/wp\/v2\/product_cat?post=156137"},{"taxonomy":"product_tag","embeddable":true,"href":"https:\/\/4room.lv\/en\/wp-json\/wp\/v2\/product_tag?post=156137"}],"curies":[{"name":"wp","href":"https:\/\/api.w.org\/{rel}","templated":true}]}}