{"id":156157,"date":"2025-04-09T16:02:53","date_gmt":"2025-04-09T13:02:53","guid":{"rendered":"https:\/\/4room.lv\/?post_type=product&#038;p=156157"},"modified":"2025-04-09T16:02:53","modified_gmt":"2025-04-09T13:02:53","slug":"bumbum-3","status":"publish","type":"product","link":"https:\/\/4room.lv\/en\/veikals\/apgaismojums\/dekorativais\/bumbum-3\/","title":{"rendered":"BUMBUM 3"},"content":{"rendered":"","protected":false},"excerpt":{"rendered":"<p>Unik\u0101la dizaina gaismeklis, rota\u013c\u012bg\u0101s from\u0101s un to\u0146os. Tas ienes\u012bs dz\u012bvesprieku ikvien\u0101 interjer\u0101. Gaismeklis ir roku darbs no It\u0101lijas, kur meistari ar pieredzi gatavo izstr\u0101dajumus no keramikas un glaz\u0113 m\u0101kslu, uzburot fantastiskus un mirdzo\u0161us to\u0146us.<\/p>\n<p>Gaismeklim nepiecie\u0161ama E27 spuldze. Att\u0113l\u0101 redzam\u0101 spuldze ir G125 balt\u0101 stikl\u0101. T\u0101 k\u0101 ja v\u0113laties t\u0101du efektu k\u0101 att\u0113l\u0101, tad j\u0101ieg\u0101d\u0101jas attiec\u012bg\u0101 spuldze. Vai ar\u012b variet eksperiment\u0113t ar sav\u0101m idej\u0101m.<\/p>\n<p>Modelis pieejams daz\u0101dos izpild\u012bjumos. Par izm\u0113riem un toniem variet vaic\u0101t mums.<\/p>\n","protected":false},"featured_media":156158,"template":"","meta":[],"product_cat":[1058,127,147],"product_tag":[],"class_list":{"0":"post-156157","1":"product","2":"type-product","3":"status-publish","4":"has-post-thumbnail","6":"product_brand-ferroluce","7":"product_cat-dizaina","8":"product_cat-apgaismojums","9":"product_cat-dekorativais","11":"first","12":"instock","13":"shipping-taxable","14":"purchasable","15":"product-type-simple","16":"hongo-alternate-image-wrap"},"_links":{"self":[{"href":"https:\/\/4room.lv\/en\/wp-json\/wp\/v2\/product\/156157","targetHints":{"allow":["GET"]}}],"collection":[{"href":"https:\/\/4room.lv\/en\/wp-json\/wp\/v2\/product"}],"about":[{"href":"https:\/\/4room.lv\/en\/wp-json\/wp\/v2\/types\/product"}],"wp:featuredmedia":[{"embeddable":true,"href":"https:\/\/4room.lv\/en\/wp-json\/wp\/v2\/media\/156158"}],"wp:attachment":[{"href":"https:\/\/4room.lv\/en\/wp-json\/wp\/v2\/media?parent=156157"}],"wp:term":[{"taxonomy":"product_cat","embeddable":true,"href":"https:\/\/4room.lv\/en\/wp-json\/wp\/v2\/product_cat?post=156157"},{"taxonomy":"product_tag","embeddable":true,"href":"https:\/\/4room.lv\/en\/wp-json\/wp\/v2\/product_tag?post=156157"}],"curies":[{"name":"wp","href":"https:\/\/api.w.org\/{rel}","templated":true}]}}