{"id":156170,"date":"2025-04-10T09:55:53","date_gmt":"2025-04-10T06:55:53","guid":{"rendered":"https:\/\/4room.lv\/?post_type=product&#038;p=156170"},"modified":"2025-12-28T19:18:59","modified_gmt":"2025-12-28T17:18:59","slug":"wall-lamp-shady-white-2","status":"publish","type":"product","link":"https:\/\/4room.lv\/en\/veikals\/apgaismojums\/dekorativais\/wall-lamp-shady-white-2\/","title":{"rendered":"Wall Lamp Shady White"},"content":{"rendered":"","protected":false},"excerpt":{"rendered":"<p>Praktisk\u0101 un gl\u012bt\u0101 sienas lampa Shady b\u016bs lielisks gaismeklis pie darba galda vai las\u012b\u0161anai, pateicoties virz\u0101majai k\u0101jai un groz\u0101majai galvai. T\u0101 b\u016bs funkcion\u0101la, tacu ar\u012b dizain\u0101 pievilc\u012bga.<\/p>\n<p>Gaismeklim nepiecie\u0161ama 1xE27 spuldze.<\/p>\n","protected":false},"featured_media":156174,"template":"","meta":[],"product_cat":[127,147],"product_tag":[],"class_list":{"0":"post-156170","1":"product","2":"type-product","3":"status-publish","4":"has-post-thumbnail","6":"product_brand-dutch-bone","7":"product_brand-white-label-living","8":"product_brand-zuiver","9":"product_cat-apgaismojums","10":"product_cat-dekorativais","12":"first","13":"instock","14":"shipping-taxable","15":"purchasable","16":"product-type-simple","17":"hongo-alternate-image-wrap"},"_links":{"self":[{"href":"https:\/\/4room.lv\/en\/wp-json\/wp\/v2\/product\/156170","targetHints":{"allow":["GET"]}}],"collection":[{"href":"https:\/\/4room.lv\/en\/wp-json\/wp\/v2\/product"}],"about":[{"href":"https:\/\/4room.lv\/en\/wp-json\/wp\/v2\/types\/product"}],"wp:featuredmedia":[{"embeddable":true,"href":"https:\/\/4room.lv\/en\/wp-json\/wp\/v2\/media\/156174"}],"wp:attachment":[{"href":"https:\/\/4room.lv\/en\/wp-json\/wp\/v2\/media?parent=156170"}],"wp:term":[{"taxonomy":"product_cat","embeddable":true,"href":"https:\/\/4room.lv\/en\/wp-json\/wp\/v2\/product_cat?post=156170"},{"taxonomy":"product_tag","embeddable":true,"href":"https:\/\/4room.lv\/en\/wp-json\/wp\/v2\/product_tag?post=156170"}],"curies":[{"name":"wp","href":"https:\/\/api.w.org\/{rel}","templated":true}]}}