{"id":156183,"date":"2025-04-10T10:15:45","date_gmt":"2025-04-10T07:15:45","guid":{"rendered":"https:\/\/4room.lv\/?post_type=product&#038;p=156183"},"modified":"2025-12-28T19:18:59","modified_gmt":"2025-12-28T17:18:59","slug":"coffee-table-naia-natural","status":"publish","type":"product","link":"https:\/\/4room.lv\/en\/veikals\/mebeles\/galdi\/coffee-table-naia-natural\/","title":{"rendered":"Coffee Table Naia Natural"},"content":{"rendered":"","protected":false},"excerpt":{"rendered":"<p>Interesanta dizaina gais\u012bgais Naia galdi\u0146\u0161 b\u016bs elegants akcents interjer\u0101. T\u0101 m\u0101ksliniecisk\u0101s koka k\u0101jas un d\u016bmakain\u0101 stikla virsa ir skaista kombin\u0101cija, kam ir j\u016btama ar\u012b retro noska\u0146a.<\/p>\n","protected":false},"featured_media":156184,"template":"","meta":[],"product_cat":[129,142],"product_tag":[],"class_list":{"0":"post-156183","1":"product","2":"type-product","3":"status-publish","4":"has-post-thumbnail","6":"product_brand-dutch-bone","7":"product_brand-white-label-living","8":"product_brand-zuiver","9":"product_cat-mebeles","10":"product_cat-galdi","12":"first","13":"instock","14":"shipping-taxable","15":"purchasable","16":"product-type-simple","17":"hongo-alternate-image-wrap"},"_links":{"self":[{"href":"https:\/\/4room.lv\/en\/wp-json\/wp\/v2\/product\/156183","targetHints":{"allow":["GET"]}}],"collection":[{"href":"https:\/\/4room.lv\/en\/wp-json\/wp\/v2\/product"}],"about":[{"href":"https:\/\/4room.lv\/en\/wp-json\/wp\/v2\/types\/product"}],"wp:featuredmedia":[{"embeddable":true,"href":"https:\/\/4room.lv\/en\/wp-json\/wp\/v2\/media\/156184"}],"wp:attachment":[{"href":"https:\/\/4room.lv\/en\/wp-json\/wp\/v2\/media?parent=156183"}],"wp:term":[{"taxonomy":"product_cat","embeddable":true,"href":"https:\/\/4room.lv\/en\/wp-json\/wp\/v2\/product_cat?post=156183"},{"taxonomy":"product_tag","embeddable":true,"href":"https:\/\/4room.lv\/en\/wp-json\/wp\/v2\/product_tag?post=156183"}],"curies":[{"name":"wp","href":"https:\/\/api.w.org\/{rel}","templated":true}]}}