{"id":156282,"date":"2025-04-11T10:56:42","date_gmt":"2025-04-11T07:56:42","guid":{"rendered":"https:\/\/4room.lv\/?post_type=product&#038;p=156282"},"modified":"2025-12-28T19:18:59","modified_gmt":"2025-12-28T17:18:59","slug":"sofa-polly-grey","status":"publish","type":"product","link":"https:\/\/4room.lv\/en\/veikals\/biroja-mebeles\/apmekletaju-kresli\/sofa-polly-grey\/","title":{"rendered":"Sofa Polly Grey"},"content":{"rendered":"","protected":false},"excerpt":{"rendered":"<p>M\u016bsdien\u012bgs lounge tipa d\u012bv\u0101ns. Tas ir uz melna dzelzs r\u0101mja un k\u0101ji\u0146\u0101m, p\u0101rvilkts ar stingru tum\u0161i pel\u0113ku audumu ar augstu notur\u012bbu. D\u012bv\u0101ns ir sal\u012bdzino\u0161i stingrs, ka a\u0157\u012b ar \u013coti notur\u012bgu materi\u0101lu, l\u012bdz ar to der\u0113s ar\u012b k\u0101 uzgaid\u0101mo telpu m\u0113bele.<\/p>\n","protected":false},"featured_media":156283,"template":"","meta":[],"product_cat":[131,339,129,145],"product_tag":[],"class_list":{"0":"post-156282","1":"product","2":"type-product","3":"status-publish","4":"has-post-thumbnail","6":"product_brand-dutch-bone","7":"product_brand-white-label-living","8":"product_brand-zuiver","9":"product_cat-biroja-mebeles","10":"product_cat-apmekletaju-kresli","11":"product_cat-mebeles","12":"product_cat-divani","14":"first","15":"instock","16":"shipping-taxable","17":"purchasable","18":"product-type-simple","19":"hongo-alternate-image-wrap"},"_links":{"self":[{"href":"https:\/\/4room.lv\/en\/wp-json\/wp\/v2\/product\/156282","targetHints":{"allow":["GET"]}}],"collection":[{"href":"https:\/\/4room.lv\/en\/wp-json\/wp\/v2\/product"}],"about":[{"href":"https:\/\/4room.lv\/en\/wp-json\/wp\/v2\/types\/product"}],"wp:featuredmedia":[{"embeddable":true,"href":"https:\/\/4room.lv\/en\/wp-json\/wp\/v2\/media\/156283"}],"wp:attachment":[{"href":"https:\/\/4room.lv\/en\/wp-json\/wp\/v2\/media?parent=156282"}],"wp:term":[{"taxonomy":"product_cat","embeddable":true,"href":"https:\/\/4room.lv\/en\/wp-json\/wp\/v2\/product_cat?post=156282"},{"taxonomy":"product_tag","embeddable":true,"href":"https:\/\/4room.lv\/en\/wp-json\/wp\/v2\/product_tag?post=156282"}],"curies":[{"name":"wp","href":"https:\/\/api.w.org\/{rel}","templated":true}]}}