{"id":156321,"date":"2025-04-11T12:22:01","date_gmt":"2025-04-11T09:22:01","guid":{"rendered":"https:\/\/4room.lv\/?post_type=product&#038;p=156321"},"modified":"2025-04-11T12:22:01","modified_gmt":"2025-04-11T09:22:01","slug":"slim-ceiling-o600mm-monaco-light-blue","status":"publish","type":"product","link":"https:\/\/4room.lv\/en\/veikals\/apgaismojums\/dekorativais\/slim-ceiling-o600mm-monaco-light-blue\/","title":{"rendered":"SLIM CEILING \u00f8600mm Monaco Light blue"},"content":{"rendered":"","protected":false},"excerpt":{"rendered":"<p>Griestu gaismeklis, kas ir roku darbs ra\u017eots Igaunij\u0101. Konkr\u0113tais modelis ir uz balta metala stiprin\u0101juma kur\u0101 iet 3 E27 spuldzes, kas nodro\u0161in\u0101s iesp\u0113ju pan\u0101kt labu gaismu. Tam ir 60cm aba\u017e\u016brs gai\u0161i zil\u0101 sat\u012bna audum\u0101, kas skaisti atsp\u012bd un rada greznu efektu. Gaismeklis ir aizv\u0113rts ar akrila difuzoru, lai nosl\u0113ptu spuldzes un klied\u0113tu gaismu, lai t\u0101 ir maiga un pat\u012bkama.<\/p>\n<p>Gaismek\u013cus ra\u017eo p\u0113c pa\u0161\u016bt\u012bjuma, l\u012bdz ar to ir iesp\u0113ja izvel\u0113ties izm\u0113rus un apdares materi\u0101lus. Ja velaties uzzin\u0101t vair\u0101k vai apskat\u012bt paraugu kl\u0101stu, tad dro\u0161i sazinieties ar mums un past\u0101st\u012bsim vair\u0101k.<\/p>\n","protected":false},"featured_media":156322,"template":"","meta":[],"product_cat":[127,147],"product_tag":[],"class_list":{"0":"post-156321","1":"product","2":"type-product","3":"status-publish","4":"has-post-thumbnail","6":"product_brand-4room","7":"product_cat-apgaismojums","8":"product_cat-dekorativais","10":"first","11":"instock","12":"shipping-taxable","13":"purchasable","14":"product-type-simple"},"_links":{"self":[{"href":"https:\/\/4room.lv\/en\/wp-json\/wp\/v2\/product\/156321","targetHints":{"allow":["GET"]}}],"collection":[{"href":"https:\/\/4room.lv\/en\/wp-json\/wp\/v2\/product"}],"about":[{"href":"https:\/\/4room.lv\/en\/wp-json\/wp\/v2\/types\/product"}],"wp:featuredmedia":[{"embeddable":true,"href":"https:\/\/4room.lv\/en\/wp-json\/wp\/v2\/media\/156322"}],"wp:attachment":[{"href":"https:\/\/4room.lv\/en\/wp-json\/wp\/v2\/media?parent=156321"}],"wp:term":[{"taxonomy":"product_cat","embeddable":true,"href":"https:\/\/4room.lv\/en\/wp-json\/wp\/v2\/product_cat?post=156321"},{"taxonomy":"product_tag","embeddable":true,"href":"https:\/\/4room.lv\/en\/wp-json\/wp\/v2\/product_tag?post=156321"}],"curies":[{"name":"wp","href":"https:\/\/api.w.org\/{rel}","templated":true}]}}