{"id":156390,"date":"2025-04-11T16:10:06","date_gmt":"2025-04-11T13:10:06","guid":{"rendered":"https:\/\/4room.lv\/?post_type=product&#038;p=156390"},"modified":"2025-04-11T16:10:06","modified_gmt":"2025-04-11T13:10:06","slug":"mykonos-lounge-set-taupe","status":"publish","type":"product","link":"https:\/\/4room.lv\/en\/veikals\/mebeles\/galdi\/mykonos-lounge-set-taupe\/","title":{"rendered":"MYKONOS LOUNGE SET Taupe"},"content":{"rendered":"","protected":false},"excerpt":{"rendered":"<p>Vai velaties saj\u016btu, ka esiet viesn\u012bc\u0101 vidusj\u016bras krast\u0101? \u0160is komplekts b\u016bs lielisks papildin\u0101jums terasei, balkonam vai \u0101ra kafejn\u012bcai, kur \u0113rti zviln\u0113t vasaras vakaros.<\/p>\n<p>\u0100ra m\u0113be\u013cu komplekt\u0101 ietilpst ar d\u012bv\u0101nu, diviem atp\u016btas kr\u0113sliem un zemo galdi\u0146u. M\u0113be\u013cu r\u0101mis izgatavots no speci\u0101la materi\u0101la, kas satur stikla \u0161\u0137iedru, padarot to vieglu, bet \u012bpa\u0161i iztur\u012bgu. M\u0113be\u013cu r\u0101mis un spilveni ir notur\u012bgi pret UV, attiec\u012bgi nebal\u0113s saul\u0113. Spilveni ir no\u0146emami. Tie ir notur\u012bgi pret lietojumu un b\u016bs piem\u0113roti ar\u012b publiskai lieto\u0161anai.<\/p>\n<p>R\u0101mis ir b\u0113\u0161\u0101 kr\u0101s\u0101 un m\u012bkstie spilveni ir simp\u0101tisk\u0101 pel\u0113kb\u0113\u0161\u0101 taupe ton\u012b.<\/p>\n<p>R\u0101mji pieejami a\u0157\u012b balti un pel\u0113ki.<\/p>\n<p>T\u0101s ra\u017eo Portug\u0101\u013cu ra\u017eot\u0101js ar ilgu pieredzi m\u0113be\u013cu izgatavo\u0161an\u0101 uz pas\u016bt\u012bjuma priek\u0161 publisk\u0101m telp\u0101m, l\u012bdz ar to t\u0101s razo ar r\u016bp\u012bbu, nodro\u0161inot ilgsto\u0161u kvalit\u0101ti.<\/p>\n","protected":false},"featured_media":156391,"template":"","meta":[],"product_cat":[129,145,142,144],"product_tag":[],"class_list":{"0":"post-156390","1":"product","2":"type-product","3":"status-publish","4":"has-post-thumbnail","6":"product_brand-morecontract","7":"product_cat-mebeles","8":"product_cat-divani","9":"product_cat-galdi","10":"product_cat-kresli","12":"first","13":"instock","14":"shipping-taxable","15":"purchasable","16":"product-type-simple","17":"hongo-alternate-image-wrap"},"_links":{"self":[{"href":"https:\/\/4room.lv\/en\/wp-json\/wp\/v2\/product\/156390","targetHints":{"allow":["GET"]}}],"collection":[{"href":"https:\/\/4room.lv\/en\/wp-json\/wp\/v2\/product"}],"about":[{"href":"https:\/\/4room.lv\/en\/wp-json\/wp\/v2\/types\/product"}],"wp:featuredmedia":[{"embeddable":true,"href":"https:\/\/4room.lv\/en\/wp-json\/wp\/v2\/media\/156391"}],"wp:attachment":[{"href":"https:\/\/4room.lv\/en\/wp-json\/wp\/v2\/media?parent=156390"}],"wp:term":[{"taxonomy":"product_cat","embeddable":true,"href":"https:\/\/4room.lv\/en\/wp-json\/wp\/v2\/product_cat?post=156390"},{"taxonomy":"product_tag","embeddable":true,"href":"https:\/\/4room.lv\/en\/wp-json\/wp\/v2\/product_tag?post=156390"}],"curies":[{"name":"wp","href":"https:\/\/api.w.org\/{rel}","templated":true}]}}