{"id":156400,"date":"2025-04-11T16:25:53","date_gmt":"2025-04-11T13:25:53","guid":{"rendered":"https:\/\/4room.lv\/?post_type=product&#038;p=156400"},"modified":"2025-04-11T16:25:53","modified_gmt":"2025-04-11T13:25:53","slug":"mib-6-pendant-black","status":"publish","type":"product","link":"https:\/\/4room.lv\/en\/veikals\/apgaismojums\/dekorativais\/mib-6-pendant-black\/","title":{"rendered":"Mib 6 Pendant Black"},"content":{"rendered":"","protected":false},"excerpt":{"rendered":"<p>Praktiskais MIB gaismeklis izce\u013c\u0101s ar savu funkcionalit\u0101ti. Tas ir novirz\u0101ms un b\u016bs iesp\u0113ja gaismu novirz\u012bt kur nepiecie\u0161ams. Sa\u0146\u0113mis ar\u012b dizaina apbalvojumus.<\/p>\n<p>Tam nepiecie\u0161ama GU10 spuldze, kuru variet izvel\u0113ties p\u0113c saviem ieskatiem.<\/p>\n","protected":false},"featured_media":156404,"template":"","meta":[],"product_cat":[127,148,147],"product_tag":[],"class_list":{"0":"post-156400","1":"product","2":"type-product","3":"status-publish","4":"has-post-thumbnail","6":"product_brand-nordlux","7":"product_cat-apgaismojums","8":"product_cat-arhitekturalais","9":"product_cat-dekorativais","11":"first","12":"instock","13":"shipping-taxable","14":"purchasable","15":"product-type-simple","16":"hongo-alternate-image-wrap"},"_links":{"self":[{"href":"https:\/\/4room.lv\/en\/wp-json\/wp\/v2\/product\/156400","targetHints":{"allow":["GET"]}}],"collection":[{"href":"https:\/\/4room.lv\/en\/wp-json\/wp\/v2\/product"}],"about":[{"href":"https:\/\/4room.lv\/en\/wp-json\/wp\/v2\/types\/product"}],"wp:featuredmedia":[{"embeddable":true,"href":"https:\/\/4room.lv\/en\/wp-json\/wp\/v2\/media\/156404"}],"wp:attachment":[{"href":"https:\/\/4room.lv\/en\/wp-json\/wp\/v2\/media?parent=156400"}],"wp:term":[{"taxonomy":"product_cat","embeddable":true,"href":"https:\/\/4room.lv\/en\/wp-json\/wp\/v2\/product_cat?post=156400"},{"taxonomy":"product_tag","embeddable":true,"href":"https:\/\/4room.lv\/en\/wp-json\/wp\/v2\/product_tag?post=156400"}],"curies":[{"name":"wp","href":"https:\/\/api.w.org\/{rel}","templated":true}]}}