{"id":156416,"date":"2025-04-11T17:02:54","date_gmt":"2025-04-11T14:02:54","guid":{"rendered":"https:\/\/4room.lv\/?post_type=product&#038;p=156416"},"modified":"2025-04-11T17:02:54","modified_gmt":"2025-04-11T14:02:54","slug":"borgo-8-gold","status":"publish","type":"product","link":"https:\/\/4room.lv\/en\/veikals\/apgaismojums\/dekorativais\/borgo-8-gold\/","title":{"rendered":"Borgo 8 Gold"},"content":{"rendered":"","protected":false},"excerpt":{"rendered":"<p>Gaismeklis kas lieliski iezgaismos telpu! Tam ir 8 x E27 spuldzes un atkar\u012bb\u0101 no t\u0101, cik jaud\u012bgas spuldzes tur izvel\u0113sieties, var\u0113siet vai nu pan\u0101kt pat\u012bkamu apgaismojumu virs galda ar maz\u0101kas jaudas spuldz\u0113m vai labu izgaismojumu uz visu telpu ar jaud\u012bg\u0101m spuldzem. Gaismeklis ir mat\u0113ta zelta ton\u012b ar dzintarkr\u0101sas stikla kupoliem. Gaismeklis ir grezns un noteikti izcelsies interjer\u0101 k\u0101 skaists dekorat\u012bvs elements.<\/p>\n","protected":false},"featured_media":156417,"template":"","meta":[],"product_cat":[127,147],"product_tag":[],"class_list":{"0":"post-156416","1":"product","2":"type-product","3":"status-publish","4":"has-post-thumbnail","6":"product_brand-italux","7":"product_cat-apgaismojums","8":"product_cat-dekorativais","10":"first","11":"instock","12":"shipping-taxable","13":"purchasable","14":"product-type-simple","15":"hongo-alternate-image-wrap"},"_links":{"self":[{"href":"https:\/\/4room.lv\/en\/wp-json\/wp\/v2\/product\/156416","targetHints":{"allow":["GET"]}}],"collection":[{"href":"https:\/\/4room.lv\/en\/wp-json\/wp\/v2\/product"}],"about":[{"href":"https:\/\/4room.lv\/en\/wp-json\/wp\/v2\/types\/product"}],"wp:featuredmedia":[{"embeddable":true,"href":"https:\/\/4room.lv\/en\/wp-json\/wp\/v2\/media\/156417"}],"wp:attachment":[{"href":"https:\/\/4room.lv\/en\/wp-json\/wp\/v2\/media?parent=156416"}],"wp:term":[{"taxonomy":"product_cat","embeddable":true,"href":"https:\/\/4room.lv\/en\/wp-json\/wp\/v2\/product_cat?post=156416"},{"taxonomy":"product_tag","embeddable":true,"href":"https:\/\/4room.lv\/en\/wp-json\/wp\/v2\/product_tag?post=156416"}],"curies":[{"name":"wp","href":"https:\/\/api.w.org\/{rel}","templated":true}]}}