{"id":156449,"date":"2025-04-11T17:40:59","date_gmt":"2025-04-11T14:40:59","guid":{"rendered":"https:\/\/4room.lv\/?post_type=product&#038;p=156449"},"modified":"2025-04-11T17:42:44","modified_gmt":"2025-04-11T14:42:44","slug":"belluno-ceiling-lamp","status":"publish","type":"product","link":"https:\/\/4room.lv\/en\/veikals\/apgaismojums\/dekorativais\/belluno-ceiling-lamp\/","title":{"rendered":"Belluno ceiling lamp"},"content":{"rendered":"","protected":false},"excerpt":{"rendered":"<p>Klasisks keramikas griestu gaismeklis ar v\u0113sturisku elpu. Gaismeklis ir roku darbs no It\u0101lijas, kur katrs ziedi\u0146\u0161 uzgleznots ar roku. Konkr\u0113tajam modelim ir skaistas za\u013cas l\u012bnijas ar ziedu rakstu kur rota\u013c\u0101jas za\u013cie un roz\u0101 to\u0146i. Stiprin\u0101juma vieta ir misi\u0146a. Gaismeklis ir k\u0101 rad\u012bts elegantai lauku m\u0101jai vai pirmskara laika dv\u012bvoklim, jo sasp\u0113l\u0113sies ar v\u0113stures elpu.<\/p>\n<p>Gaismeklim nepeicie\u0161ama 1 E27 spuldze, kuru variet izvel\u0113ties p\u0113c ieskatiem. T\u0101 k\u0101 gaismek\u013ci ir roku darbs, tad ir iesp\u0113jami ar\u012b citi raksti un metala apdares. Par to variet jaut\u0101t mums.<\/p>\n<p>Gaismek\u013cus razo p\u0113c pa\u0161\u016bt\u012bjuma, l\u012bdz ar to izpildes termi\u0146\u0161 atkar\u012bgs no ra\u017eot\u0101ja noslogojuma.<\/p>\n","protected":false},"featured_media":156453,"template":"","meta":[],"product_cat":[1058,127,147],"product_tag":[],"class_list":{"0":"post-156449","1":"product","2":"type-product","3":"status-publish","4":"has-post-thumbnail","6":"product_brand-ferroluce","7":"product_cat-dizaina","8":"product_cat-apgaismojums","9":"product_cat-dekorativais","11":"first","12":"instock","13":"shipping-taxable","14":"purchasable","15":"product-type-simple","16":"hongo-alternate-image-wrap"},"_links":{"self":[{"href":"https:\/\/4room.lv\/en\/wp-json\/wp\/v2\/product\/156449","targetHints":{"allow":["GET"]}}],"collection":[{"href":"https:\/\/4room.lv\/en\/wp-json\/wp\/v2\/product"}],"about":[{"href":"https:\/\/4room.lv\/en\/wp-json\/wp\/v2\/types\/product"}],"wp:featuredmedia":[{"embeddable":true,"href":"https:\/\/4room.lv\/en\/wp-json\/wp\/v2\/media\/156453"}],"wp:attachment":[{"href":"https:\/\/4room.lv\/en\/wp-json\/wp\/v2\/media?parent=156449"}],"wp:term":[{"taxonomy":"product_cat","embeddable":true,"href":"https:\/\/4room.lv\/en\/wp-json\/wp\/v2\/product_cat?post=156449"},{"taxonomy":"product_tag","embeddable":true,"href":"https:\/\/4room.lv\/en\/wp-json\/wp\/v2\/product_tag?post=156449"}],"curies":[{"name":"wp","href":"https:\/\/api.w.org\/{rel}","templated":true}]}}