{"id":156459,"date":"2025-04-11T17:49:55","date_gmt":"2025-04-11T14:49:55","guid":{"rendered":"https:\/\/4room.lv\/?post_type=product&#038;p=156459"},"modified":"2025-10-17T10:51:04","modified_gmt":"2025-10-17T07:51:04","slug":"batilda-dining-chair","status":"publish","type":"product","link":"https:\/\/4room.lv\/en\/veikals\/mebeles\/kresli\/batilda-dining-chair\/","title":{"rendered":"Batilda dining chair"},"content":{"rendered":"","protected":false},"excerpt":{"rendered":"<p>Retro stila \u0113damkr\u0113sls konjaka to\u0146a eko\u0101d\u0101 ar meln\u0101m koka k\u0101j\u0101m. Tam ir interesantas redzamas \u0161uves, kas piedod dizainam odzi\u0146u. Kr\u0113sls ir \u0113rts un viegls, k\u0101 ar\u012b materi\u0101ls tam b\u016bs viegli kopjams. Lieliska izv\u0113le tiem, kas vel\u0101s praktisku un izskat\u012bgu kr\u0113slu.<\/p>\n","protected":false},"featured_media":156463,"template":"","meta":[],"product_cat":[129,144],"product_tag":[],"class_list":{"0":"post-156459","1":"product","2":"type-product","3":"status-publish","4":"has-post-thumbnail","6":"product_cat-mebeles","7":"product_cat-kresli","9":"first","10":"instock","11":"sale","12":"shipping-taxable","13":"purchasable","14":"product-type-simple","15":"hongo-alternate-image-wrap"},"_links":{"self":[{"href":"https:\/\/4room.lv\/en\/wp-json\/wp\/v2\/product\/156459","targetHints":{"allow":["GET"]}}],"collection":[{"href":"https:\/\/4room.lv\/en\/wp-json\/wp\/v2\/product"}],"about":[{"href":"https:\/\/4room.lv\/en\/wp-json\/wp\/v2\/types\/product"}],"wp:featuredmedia":[{"embeddable":true,"href":"https:\/\/4room.lv\/en\/wp-json\/wp\/v2\/media\/156463"}],"wp:attachment":[{"href":"https:\/\/4room.lv\/en\/wp-json\/wp\/v2\/media?parent=156459"}],"wp:term":[{"taxonomy":"product_cat","embeddable":true,"href":"https:\/\/4room.lv\/en\/wp-json\/wp\/v2\/product_cat?post=156459"},{"taxonomy":"product_tag","embeddable":true,"href":"https:\/\/4room.lv\/en\/wp-json\/wp\/v2\/product_tag?post=156459"}],"curies":[{"name":"wp","href":"https:\/\/api.w.org\/{rel}","templated":true}]}}