{"id":156519,"date":"2025-04-17T10:33:36","date_gmt":"2025-04-17T07:33:36","guid":{"rendered":"https:\/\/4room.lv\/?post_type=product&#038;p=156519"},"modified":"2025-04-17T11:02:03","modified_gmt":"2025-04-17T08:02:03","slug":"polar-3775","status":"publish","type":"product","link":"https:\/\/4room.lv\/en\/veikals\/biroja-mebeles\/biroja-kresli\/polar-3775\/","title":{"rendered":"Polar 3775"},"content":{"rendered":"","protected":false},"excerpt":{"rendered":"<p>Polar ir dizainisks un praktisks darba kr\u0113sls, kas nodro\u0161ina maksim\u0101lu piel\u0101go\u0161anos ergonomikas zi\u0146\u0101. Atzveltnei ir neilona r\u0101mis ar elpojo\u0161u, elast\u012bgu poliestera sietu. Putu s\u0113dvieta ir \u0113rts un regul\u0113jams dzi\u013cum\u0101. Kr\u0113sls garant\u0113 izcilu komfortu, pateicoties t\u0101 svara aktiviz\u0113tajam, sinhronas noliek\u0161an\u0101s meh\u0101nismam, kas sp\u0113j autonomi regul\u0113t sasv\u0113r\u0161an\u0101s pak\u0101pi atbilsto\u0161i lietot\u0101ja \u0137erme\u0146a svaram. Roku balstus var regul\u0113t augstum\u0101, dzi\u013cum\u0101 un platum\u0101, un tos var orient\u0113t atbilsto\u0161i lietot\u0101ja vajadz\u012bb\u0101m. Groz\u0101m\u0101 alum\u012bnija pamatne ir regul\u0113jama augstum\u0101. Atbilst UNI EN 1335-1:2020 standarta A tipam.<\/p>\n","protected":false},"featured_media":156547,"template":"","meta":[],"product_cat":[131,337],"product_tag":[],"class_list":{"0":"post-156519","1":"product","2":"type-product","3":"status-publish","4":"has-post-thumbnail","6":"product_brand-pedrali","7":"product_cat-biroja-mebeles","8":"product_cat-biroja-kresli","10":"first","11":"instock","12":"shipping-taxable","13":"purchasable","14":"product-type-simple","15":"hongo-alternate-image-wrap"},"_links":{"self":[{"href":"https:\/\/4room.lv\/en\/wp-json\/wp\/v2\/product\/156519","targetHints":{"allow":["GET"]}}],"collection":[{"href":"https:\/\/4room.lv\/en\/wp-json\/wp\/v2\/product"}],"about":[{"href":"https:\/\/4room.lv\/en\/wp-json\/wp\/v2\/types\/product"}],"wp:featuredmedia":[{"embeddable":true,"href":"https:\/\/4room.lv\/en\/wp-json\/wp\/v2\/media\/156547"}],"wp:attachment":[{"href":"https:\/\/4room.lv\/en\/wp-json\/wp\/v2\/media?parent=156519"}],"wp:term":[{"taxonomy":"product_cat","embeddable":true,"href":"https:\/\/4room.lv\/en\/wp-json\/wp\/v2\/product_cat?post=156519"},{"taxonomy":"product_tag","embeddable":true,"href":"https:\/\/4room.lv\/en\/wp-json\/wp\/v2\/product_tag?post=156519"}],"curies":[{"name":"wp","href":"https:\/\/api.w.org\/{rel}","templated":true}]}}