{"id":156553,"date":"2025-04-17T11:34:58","date_gmt":"2025-04-17T08:34:58","guid":{"rendered":"https:\/\/4room.lv\/?post_type=product&#038;p=156553"},"modified":"2025-12-28T19:18:59","modified_gmt":"2025-12-28T17:18:59","slug":"lounge-chair-feston-black","status":"publish","type":"product","link":"https:\/\/4room.lv\/en\/veikals\/biroja-mebeles\/apmekletaju-kresli\/lounge-chair-feston-black\/","title":{"rendered":"Lounge Chair Feston Black"},"content":{"rendered":"","protected":false},"excerpt":{"rendered":"<p>Dizain\u0101 pievilc\u012bgais Feston kr\u0113sls ir ar \u012bpa\u0161i platu s\u0113\u017eas vietu, lai taj\u0101 ir \u0113rti ikvienam. Par katru deta\u013cu kr\u0113lsa dizain\u0101 ir padom\u0101ts, lakoniska forma, moderns met\u0101la r\u0101mis, redzamas \u0161uves vizu\u0101lam efektam. Materi\u0101ls ir viegli kopjams, kas nodro\u0161in\u0101s ilgu kalpo\u0161anas laiku. Kr\u0113sls b\u016bs k\u0101 dizainisks papildin\u0101jums viesistabai, stil\u012bga alternat\u012bva lielajiem, m\u012bsktajiem atp\u016btas kr\u0113sliem vai b\u016bs ide\u0101ls apmekl\u0113t\u0101ju kr\u0113sls publisk\u0101m telp\u0101m, jo ir no \u012bpa\u0161i iztur\u012bgiem materi\u0101liem un vieglu kop\u0161anu.<\/p>\n","protected":false},"featured_media":156572,"template":"","meta":[],"product_cat":[131,339,129,144],"product_tag":[],"class_list":{"0":"post-156553","1":"product","2":"type-product","3":"status-publish","4":"has-post-thumbnail","6":"product_brand-dutch-bone","7":"product_brand-white-label-living","8":"product_brand-zuiver","9":"product_cat-biroja-mebeles","10":"product_cat-apmekletaju-kresli","11":"product_cat-mebeles","12":"product_cat-kresli","14":"first","15":"instock","16":"shipping-taxable","17":"purchasable","18":"product-type-simple","19":"hongo-alternate-image-wrap"},"_links":{"self":[{"href":"https:\/\/4room.lv\/en\/wp-json\/wp\/v2\/product\/156553","targetHints":{"allow":["GET"]}}],"collection":[{"href":"https:\/\/4room.lv\/en\/wp-json\/wp\/v2\/product"}],"about":[{"href":"https:\/\/4room.lv\/en\/wp-json\/wp\/v2\/types\/product"}],"wp:featuredmedia":[{"embeddable":true,"href":"https:\/\/4room.lv\/en\/wp-json\/wp\/v2\/media\/156572"}],"wp:attachment":[{"href":"https:\/\/4room.lv\/en\/wp-json\/wp\/v2\/media?parent=156553"}],"wp:term":[{"taxonomy":"product_cat","embeddable":true,"href":"https:\/\/4room.lv\/en\/wp-json\/wp\/v2\/product_cat?post=156553"},{"taxonomy":"product_tag","embeddable":true,"href":"https:\/\/4room.lv\/en\/wp-json\/wp\/v2\/product_tag?post=156553"}],"curies":[{"name":"wp","href":"https:\/\/api.w.org\/{rel}","templated":true}]}}