{"id":156679,"date":"2025-04-21T10:58:51","date_gmt":"2025-04-21T07:58:51","guid":{"rendered":"https:\/\/4room.lv\/?post_type=product&#038;p=156679"},"modified":"2025-12-28T19:18:59","modified_gmt":"2025-12-28T17:18:59","slug":"carpet-chi-blue-160x230","status":"publish","type":"product","link":"https:\/\/4room.lv\/en\/veikals\/interjeram\/paklaji\/carpet-chi-blue-160x230\/","title":{"rendered":"Carpet Chi Blue 160&#215;230"},"content":{"rendered":"","protected":false},"excerpt":{"rendered":"<p>Dekorat\u012bvs pakl\u0101js klasisk\u0101 rakst\u0101, bet efekt\u012bg\u0101 un m\u016bsdien\u012bg\u0101 ton\u012b. B\u016bs svaigs akcents interjer\u0101, lai atdz\u012bvin\u0101tu telpu.<\/p>\n","protected":false},"featured_media":156680,"template":"","meta":[],"product_cat":[130,133],"product_tag":[],"class_list":{"0":"post-156679","1":"product","2":"type-product","3":"status-publish","4":"has-post-thumbnail","6":"product_brand-dutch-bone","7":"product_brand-white-label-living","8":"product_brand-zuiver","9":"product_cat-interjeram","10":"product_cat-paklaji","12":"first","13":"instock","14":"shipping-taxable","15":"purchasable","16":"product-type-simple","17":"hongo-alternate-image-wrap"},"_links":{"self":[{"href":"https:\/\/4room.lv\/en\/wp-json\/wp\/v2\/product\/156679","targetHints":{"allow":["GET"]}}],"collection":[{"href":"https:\/\/4room.lv\/en\/wp-json\/wp\/v2\/product"}],"about":[{"href":"https:\/\/4room.lv\/en\/wp-json\/wp\/v2\/types\/product"}],"wp:featuredmedia":[{"embeddable":true,"href":"https:\/\/4room.lv\/en\/wp-json\/wp\/v2\/media\/156680"}],"wp:attachment":[{"href":"https:\/\/4room.lv\/en\/wp-json\/wp\/v2\/media?parent=156679"}],"wp:term":[{"taxonomy":"product_cat","embeddable":true,"href":"https:\/\/4room.lv\/en\/wp-json\/wp\/v2\/product_cat?post=156679"},{"taxonomy":"product_tag","embeddable":true,"href":"https:\/\/4room.lv\/en\/wp-json\/wp\/v2\/product_tag?post=156679"}],"curies":[{"name":"wp","href":"https:\/\/api.w.org\/{rel}","templated":true}]}}