{"id":156712,"date":"2025-04-21T12:03:34","date_gmt":"2025-04-21T09:03:34","guid":{"rendered":"https:\/\/4room.lv\/?post_type=product&#038;p=156712"},"modified":"2025-04-21T12:04:08","modified_gmt":"2025-04-21T09:04:08","slug":"ghost-low-design-chair-%c2%b7-fabric-bormio-%c2%b7-soft-grey","status":"publish","type":"product","link":"https:\/\/4room.lv\/en\/veikals\/biroja-mebeles\/apmekletaju-kresli\/ghost-low-design-chair-%c2%b7-fabric-bormio-%c2%b7-soft-grey\/","title":{"rendered":"Ghost Low Design Chair \u00b7 Fabric Bormio \u00b7 Soft Grey"},"content":{"rendered":"","protected":false},"excerpt":{"rendered":"<p>Ghost modelis at\u0161\u0137iras ar gais\u012bg\u0101j\u0101m noapa\u013cotaj\u0101m form\u0101m. Tas nav smagn\u0113js un t\u0101 nostr\u0101d\u0101tais dizains ar leiliskaj\u0101m proporcij\u0101m nezaud\u0113s aktualit\u0101ti un b\u016bs m\u016bsdien\u012bgs gadiem ilgi. Kr\u0113sls ir stingraka muguras un roku balstu da\u013ca, bet \u012bpa\u0161i \u0113rta putu s\u0113\u017eas da\u013ca, k\u0101 ar\u012b rot\u0113jo\u0161\u0101 k\u0101ja. Audums ir univers\u0101li pel\u0113k\u0101 kr\u0101s\u0101 un izteiktu reljefu. Audums ir iztur\u012bgs pret nodilumu, kr\u0101sas bal\u0113\u0161anu,k\u0101 ar\u012b \u0113rti kopjams. L\u012bdz ar to kr\u0113sls b\u016bs piem\u0113rtos gan m\u0101j\u0101m, gan publisk\u0101m telp\u0101m.<\/p>\n","protected":false},"featured_media":156713,"template":"","meta":[],"product_cat":[131,339,129,144],"product_tag":[],"class_list":{"0":"post-156712","1":"product","2":"type-product","3":"status-publish","4":"has-post-thumbnail","6":"product_brand-flexlux","7":"product_cat-biroja-mebeles","8":"product_cat-apmekletaju-kresli","9":"product_cat-mebeles","10":"product_cat-kresli","12":"first","13":"instock","14":"shipping-taxable","15":"purchasable","16":"product-type-simple","17":"hongo-alternate-image-wrap"},"_links":{"self":[{"href":"https:\/\/4room.lv\/en\/wp-json\/wp\/v2\/product\/156712","targetHints":{"allow":["GET"]}}],"collection":[{"href":"https:\/\/4room.lv\/en\/wp-json\/wp\/v2\/product"}],"about":[{"href":"https:\/\/4room.lv\/en\/wp-json\/wp\/v2\/types\/product"}],"wp:featuredmedia":[{"embeddable":true,"href":"https:\/\/4room.lv\/en\/wp-json\/wp\/v2\/media\/156713"}],"wp:attachment":[{"href":"https:\/\/4room.lv\/en\/wp-json\/wp\/v2\/media?parent=156712"}],"wp:term":[{"taxonomy":"product_cat","embeddable":true,"href":"https:\/\/4room.lv\/en\/wp-json\/wp\/v2\/product_cat?post=156712"},{"taxonomy":"product_tag","embeddable":true,"href":"https:\/\/4room.lv\/en\/wp-json\/wp\/v2\/product_tag?post=156712"}],"curies":[{"name":"wp","href":"https:\/\/api.w.org\/{rel}","templated":true}]}}