{"id":156725,"date":"2025-04-21T13:32:18","date_gmt":"2025-04-21T10:32:18","guid":{"rendered":"https:\/\/4room.lv\/?post_type=product&#038;p=156725"},"modified":"2025-04-21T13:32:18","modified_gmt":"2025-04-21T10:32:18","slug":"pet-midi-led-spot-taupe","status":"publish","type":"product","link":"https:\/\/4room.lv\/en\/veikals\/apgaismojums\/arhitekturalais\/pet-midi-led-spot-taupe\/","title":{"rendered":"PET midi LED spot taupe"},"content":{"rendered":"","protected":false},"excerpt":{"rendered":"<p>Jaud\u012bgs noviz\u0101ms spot tipa gaismeklis uz k\u0101ji\u0146as ar dim\u0113jamu Led. \u0160obr\u012bd aktu\u0101laj\u0101 b\u0113\u0161\u0101 taupes ton\u012b. Tam ir augstv\u0113r\u012bgs Led, kam ir lieliski parametri gan ilgm\u016b\u017e\u012bb\u0101, gan kr\u0101su att\u0113lo\u0161\u0101n\u0101.<\/p>\n<p>Gaismeklis sa\u0146\u0113mis da\u017e\u0101dus dizaina apbalvojumus,\u00a0 t\u0101 perfekt\u0101 proporcija un kvalitat\u012bvi izv\u0113l\u0113tie materi\u0101li rada m\u016bsdien\u012bgu apgaismojuma risinajumu k\u0101 priv\u0101tiem, t\u0101 publiskiem objektiem.<\/p>\n<p>Gaismeklis pieejamas da\u017eadas vari\u0101cijas un par vis\u0101m iesp\u0113j\u0101m dro\u0161i var v\u0113rsties jaut\u0101t mums.<\/p>\n","protected":false},"featured_media":156726,"template":"","meta":[],"product_cat":[127,148],"product_tag":[],"class_list":{"0":"post-156725","1":"product","2":"type-product","3":"status-publish","4":"has-post-thumbnail","6":"product_brand-aqform","7":"product_cat-apgaismojums","8":"product_cat-arhitekturalais","10":"first","11":"instock","12":"shipping-taxable","13":"purchasable","14":"product-type-simple"},"_links":{"self":[{"href":"https:\/\/4room.lv\/en\/wp-json\/wp\/v2\/product\/156725","targetHints":{"allow":["GET"]}}],"collection":[{"href":"https:\/\/4room.lv\/en\/wp-json\/wp\/v2\/product"}],"about":[{"href":"https:\/\/4room.lv\/en\/wp-json\/wp\/v2\/types\/product"}],"wp:featuredmedia":[{"embeddable":true,"href":"https:\/\/4room.lv\/en\/wp-json\/wp\/v2\/media\/156726"}],"wp:attachment":[{"href":"https:\/\/4room.lv\/en\/wp-json\/wp\/v2\/media?parent=156725"}],"wp:term":[{"taxonomy":"product_cat","embeddable":true,"href":"https:\/\/4room.lv\/en\/wp-json\/wp\/v2\/product_cat?post=156725"},{"taxonomy":"product_tag","embeddable":true,"href":"https:\/\/4room.lv\/en\/wp-json\/wp\/v2\/product_tag?post=156725"}],"curies":[{"name":"wp","href":"https:\/\/api.w.org\/{rel}","templated":true}]}}