{"id":156835,"date":"2025-04-24T11:58:23","date_gmt":"2025-04-24T08:58:23","guid":{"rendered":"https:\/\/4room.lv\/?post_type=product&#038;p=156835"},"modified":"2025-04-24T12:27:00","modified_gmt":"2025-04-24T09:27:00","slug":"side-table-prunus","status":"publish","type":"product","link":"https:\/\/4room.lv\/en\/veikals\/mebeles\/galdi\/side-table-prunus\/","title":{"rendered":"Side table Prunus"},"content":{"rendered":"","protected":false},"excerpt":{"rendered":"<p>M\u016bsdien\u012bgs kafijas galdi\u0146\u0161 aktu\u0101los materi\u0101los. Ar dab\u012bga travert\u012bna virsmu un hrom\u0113t\u0101m dzelzs k\u0101j\u0101m.<\/p>\n","protected":false},"featured_media":156836,"template":"","meta":[],"product_cat":[129,142],"product_tag":[],"class_list":{"0":"post-156835","1":"product","2":"type-product","3":"status-publish","4":"has-post-thumbnail","6":"product_cat-mebeles","7":"product_cat-galdi","9":"first","10":"instock","11":"sale","12":"shipping-taxable","13":"purchasable","14":"product-type-simple","15":"hongo-alternate-image-wrap"},"_links":{"self":[{"href":"https:\/\/4room.lv\/en\/wp-json\/wp\/v2\/product\/156835","targetHints":{"allow":["GET"]}}],"collection":[{"href":"https:\/\/4room.lv\/en\/wp-json\/wp\/v2\/product"}],"about":[{"href":"https:\/\/4room.lv\/en\/wp-json\/wp\/v2\/types\/product"}],"wp:featuredmedia":[{"embeddable":true,"href":"https:\/\/4room.lv\/en\/wp-json\/wp\/v2\/media\/156836"}],"wp:attachment":[{"href":"https:\/\/4room.lv\/en\/wp-json\/wp\/v2\/media?parent=156835"}],"wp:term":[{"taxonomy":"product_cat","embeddable":true,"href":"https:\/\/4room.lv\/en\/wp-json\/wp\/v2\/product_cat?post=156835"},{"taxonomy":"product_tag","embeddable":true,"href":"https:\/\/4room.lv\/en\/wp-json\/wp\/v2\/product_tag?post=156835"}],"curies":[{"name":"wp","href":"https:\/\/api.w.org\/{rel}","templated":true}]}}