{"id":156935,"date":"2025-04-24T17:04:32","date_gmt":"2025-04-24T14:04:32","guid":{"rendered":"https:\/\/4room.lv\/?post_type=product&#038;p=156935"},"modified":"2025-12-28T19:18:59","modified_gmt":"2025-12-28T17:18:59","slug":"coat-rack-darwin-satin","status":"publish","type":"product","link":"https:\/\/4room.lv\/en\/veikals\/interjeram\/drebju-pakaramie\/coat-rack-darwin-satin\/","title":{"rendered":"Coat Rack Darwin Satin"},"content":{"rendered":"","protected":false},"excerpt":{"rendered":"<p>Viss \u0123eni\u0101lais ir vienk\u0101r\u0161s! Ar\u012b \u0161is pakaramais ir \u0123eni\u0101ls, jo tas ne tikai labi izskat\u0101s, bet b\u016bs \u0113rts lito\u0161an\u0101 jo apgerbu var uzmest vai nu uz k\u0101da no trim zariem, vai uz pa vidu eso\u0161ajiem a\u0137\u012bsiem. T\u0113rauda tonis viegli iek\u013causies interjer\u0101 un nedison\u0113s ar jau eso\u0161aj\u0101m m\u0113bel\u0113m.<\/p>\n","protected":false},"featured_media":156942,"template":"","meta":[],"product_cat":[130,140],"product_tag":[],"class_list":{"0":"post-156935","1":"product","2":"type-product","3":"status-publish","4":"has-post-thumbnail","6":"product_brand-dutch-bone","7":"product_brand-white-label-living","8":"product_brand-zuiver","9":"product_cat-interjeram","10":"product_cat-drebju-pakaramie","12":"first","13":"instock","14":"shipping-taxable","15":"purchasable","16":"product-type-simple","17":"hongo-alternate-image-wrap"},"_links":{"self":[{"href":"https:\/\/4room.lv\/en\/wp-json\/wp\/v2\/product\/156935","targetHints":{"allow":["GET"]}}],"collection":[{"href":"https:\/\/4room.lv\/en\/wp-json\/wp\/v2\/product"}],"about":[{"href":"https:\/\/4room.lv\/en\/wp-json\/wp\/v2\/types\/product"}],"wp:featuredmedia":[{"embeddable":true,"href":"https:\/\/4room.lv\/en\/wp-json\/wp\/v2\/media\/156942"}],"wp:attachment":[{"href":"https:\/\/4room.lv\/en\/wp-json\/wp\/v2\/media?parent=156935"}],"wp:term":[{"taxonomy":"product_cat","embeddable":true,"href":"https:\/\/4room.lv\/en\/wp-json\/wp\/v2\/product_cat?post=156935"},{"taxonomy":"product_tag","embeddable":true,"href":"https:\/\/4room.lv\/en\/wp-json\/wp\/v2\/product_tag?post=156935"}],"curies":[{"name":"wp","href":"https:\/\/api.w.org\/{rel}","templated":true}]}}