{"id":157035,"date":"2025-04-26T14:05:54","date_gmt":"2025-04-26T11:05:54","guid":{"rendered":"https:\/\/4room.lv\/?post_type=product&#038;p=157035"},"modified":"2025-04-26T15:08:56","modified_gmt":"2025-04-26T12:08:56","slug":"io-surface-30o-2700k-wt","status":"publish","type":"product","link":"https:\/\/4room.lv\/en\/veikals\/apgaismojums\/arhitekturalais\/io-surface-30o-2700k-wt\/","title":{"rendered":"IO SURFACE 30\u00ba 2700K WT"},"content":{"rendered":"","protected":false},"excerpt":{"rendered":"<p>Miniat\u016brs Led gaismeklis, kas sev\u012b apvieno izcilu dizainu, jaudu un kvalit\u0101ti. Led gaismeklis ir tikai 4cm plats, par sp\u012bti nelielajam korpusas, tas ir sp\u0113j\u012bgs dot 485lm jaudu. gaismeklis ir virz\u0101ms, lai variet to novirz\u012bt, lai izgaismotu v\u0113lamo.\u00a0 IO ir s\u0101\u0146\u0113mis daudzus dizaina apbalvojumus ar ko lepoties, l\u012bdz ar to tas b\u016bs ne tikai funkcion\u0101ls, bet ar\u012b est\u0113tiski baud\u0101ms gaismo\u0161anas risin\u0101jums.<\/p>\n<p>Konkr\u0113tais ir ar siltu gaismas spektru, kas b\u016bs pat\u012bkams tiem kas dod priek\u0161roku m\u0101j\u012bgam apgaismojumam.<\/p>\n<p>S\u0113rij\u0101 ir pieejamas da\u017e\u0101das komplekt\u0101cijas, par to variet vaic\u0101t mums.<\/p>\n","protected":false},"featured_media":157048,"template":"","meta":[],"product_cat":[1058,127,148],"product_tag":[],"class_list":{"0":"post-157035","1":"product","2":"type-product","3":"status-publish","4":"has-post-thumbnail","6":"product_brand-arkos","7":"product_cat-dizaina","8":"product_cat-apgaismojums","9":"product_cat-arhitekturalais","11":"first","12":"instock","13":"shipping-taxable","14":"purchasable","15":"product-type-simple","16":"hongo-alternate-image-wrap"},"_links":{"self":[{"href":"https:\/\/4room.lv\/en\/wp-json\/wp\/v2\/product\/157035","targetHints":{"allow":["GET"]}}],"collection":[{"href":"https:\/\/4room.lv\/en\/wp-json\/wp\/v2\/product"}],"about":[{"href":"https:\/\/4room.lv\/en\/wp-json\/wp\/v2\/types\/product"}],"wp:featuredmedia":[{"embeddable":true,"href":"https:\/\/4room.lv\/en\/wp-json\/wp\/v2\/media\/157048"}],"wp:attachment":[{"href":"https:\/\/4room.lv\/en\/wp-json\/wp\/v2\/media?parent=157035"}],"wp:term":[{"taxonomy":"product_cat","embeddable":true,"href":"https:\/\/4room.lv\/en\/wp-json\/wp\/v2\/product_cat?post=157035"},{"taxonomy":"product_tag","embeddable":true,"href":"https:\/\/4room.lv\/en\/wp-json\/wp\/v2\/product_tag?post=157035"}],"curies":[{"name":"wp","href":"https:\/\/api.w.org\/{rel}","templated":true}]}}