{"id":157113,"date":"2025-04-26T17:04:03","date_gmt":"2025-04-26T14:04:03","guid":{"rendered":"https:\/\/4room.lv\/?post_type=product&#038;p=157113"},"modified":"2025-12-28T19:18:59","modified_gmt":"2025-12-28T17:18:59","slug":"lounge-chair-renate","status":"publish","type":"product","link":"https:\/\/4room.lv\/en\/veikals\/mebeles\/kresli\/lounge-chair-renate\/","title":{"rendered":"Lounge Chair Renate"},"content":{"rendered":"","protected":false},"excerpt":{"rendered":"<p>Elegants atp\u016btas kr\u0113sls uz centr\u0101las metala p\u0113das b\u0113\u0161\u0101 ton\u012b. Apvilkts ar maigu audumu, kur rota\u013cas br\u016bni un gai\u0161i b\u0113\u0161ie to\u0146i.<\/p>\n","protected":false},"featured_media":157129,"template":"","meta":[],"product_cat":[129,144],"product_tag":[],"class_list":{"0":"post-157113","1":"product","2":"type-product","3":"status-publish","4":"has-post-thumbnail","6":"product_brand-dutch-bone","7":"product_brand-white-label-living","8":"product_brand-zuiver","9":"product_cat-mebeles","10":"product_cat-kresli","12":"first","13":"instock","14":"shipping-taxable","15":"purchasable","16":"product-type-simple","17":"hongo-alternate-image-wrap"},"_links":{"self":[{"href":"https:\/\/4room.lv\/en\/wp-json\/wp\/v2\/product\/157113","targetHints":{"allow":["GET"]}}],"collection":[{"href":"https:\/\/4room.lv\/en\/wp-json\/wp\/v2\/product"}],"about":[{"href":"https:\/\/4room.lv\/en\/wp-json\/wp\/v2\/types\/product"}],"wp:featuredmedia":[{"embeddable":true,"href":"https:\/\/4room.lv\/en\/wp-json\/wp\/v2\/media\/157129"}],"wp:attachment":[{"href":"https:\/\/4room.lv\/en\/wp-json\/wp\/v2\/media?parent=157113"}],"wp:term":[{"taxonomy":"product_cat","embeddable":true,"href":"https:\/\/4room.lv\/en\/wp-json\/wp\/v2\/product_cat?post=157113"},{"taxonomy":"product_tag","embeddable":true,"href":"https:\/\/4room.lv\/en\/wp-json\/wp\/v2\/product_tag?post=157113"}],"curies":[{"name":"wp","href":"https:\/\/api.w.org\/{rel}","templated":true}]}}