{"id":157208,"date":"2025-04-28T15:00:45","date_gmt":"2025-04-28T12:00:45","guid":{"rendered":"https:\/\/4room.lv\/?post_type=product&#038;p=157208"},"modified":"2025-04-28T15:00:45","modified_gmt":"2025-04-28T12:00:45","slug":"sullivan-coffee-table-black-60x60-cm","status":"publish","type":"product","link":"https:\/\/4room.lv\/en\/veikals\/mebeles\/galdi\/sullivan-coffee-table-black-60x60-cm\/","title":{"rendered":"Sullivan Coffee table, Black, 60&#215;60 cm"},"content":{"rendered":"","protected":false},"excerpt":{"rendered":"<p>Moderns skandin\u0101vu dizaina kafijas galds meln\u0101 ozol\u0101 ar ozola finier\u0113juma deta\u013c\u0101m. Stabils un efekt\u012bgs, ka ar\u012b praktisks galdi\u0146\u0161. Izm\u0113rs virsmai 60&#215;60 un augstums 37cm.\u00a0 Labi ziskat\u0101s viens vai kombinacij\u0101 ar lielaku modelis. Pieejams ar\u012b citos to\u0146os.<\/p>\n","protected":false},"featured_media":157221,"template":"","meta":[],"product_cat":[129,142],"product_tag":[],"class_list":{"0":"post-157208","1":"product","2":"type-product","3":"status-publish","4":"has-post-thumbnail","6":"product_brand-rowico","7":"product_cat-mebeles","8":"product_cat-galdi","10":"first","11":"instock","12":"shipping-taxable","13":"purchasable","14":"product-type-simple","15":"hongo-alternate-image-wrap"},"_links":{"self":[{"href":"https:\/\/4room.lv\/en\/wp-json\/wp\/v2\/product\/157208","targetHints":{"allow":["GET"]}}],"collection":[{"href":"https:\/\/4room.lv\/en\/wp-json\/wp\/v2\/product"}],"about":[{"href":"https:\/\/4room.lv\/en\/wp-json\/wp\/v2\/types\/product"}],"wp:featuredmedia":[{"embeddable":true,"href":"https:\/\/4room.lv\/en\/wp-json\/wp\/v2\/media\/157221"}],"wp:attachment":[{"href":"https:\/\/4room.lv\/en\/wp-json\/wp\/v2\/media?parent=157208"}],"wp:term":[{"taxonomy":"product_cat","embeddable":true,"href":"https:\/\/4room.lv\/en\/wp-json\/wp\/v2\/product_cat?post=157208"},{"taxonomy":"product_tag","embeddable":true,"href":"https:\/\/4room.lv\/en\/wp-json\/wp\/v2\/product_tag?post=157208"}],"curies":[{"name":"wp","href":"https:\/\/api.w.org\/{rel}","templated":true}]}}