{"id":157233,"date":"2025-04-28T15:12:34","date_gmt":"2025-04-28T12:12:34","guid":{"rendered":"https:\/\/4room.lv\/?post_type=product&#038;p=157233"},"modified":"2025-12-28T19:18:59","modified_gmt":"2025-12-28T17:18:59","slug":"mirror-stand-caroun","status":"publish","type":"product","link":"https:\/\/4room.lv\/en\/veikals\/interjeram\/spoguli\/mirror-stand-caroun\/","title":{"rendered":"Mirror Stand Caroun"},"content":{"rendered":"","protected":false},"excerpt":{"rendered":"<p>Gr\u012bdas spogulis ar retro noska\u0146u. Elegants arkveida spogulis bambusa r\u0101m\u012b, kas ir 160cm augsts.<\/p>\n<p>&nbsp;<\/p>\n","protected":false},"featured_media":157234,"template":"","meta":[],"product_cat":[130,134],"product_tag":[],"class_list":{"0":"post-157233","1":"product","2":"type-product","3":"status-publish","4":"has-post-thumbnail","6":"product_brand-dutch-bone","7":"product_brand-white-label-living","8":"product_brand-zuiver","9":"product_cat-interjeram","10":"product_cat-spoguli","12":"first","13":"instock","14":"shipping-taxable","15":"purchasable","16":"product-type-simple","17":"hongo-alternate-image-wrap"},"_links":{"self":[{"href":"https:\/\/4room.lv\/en\/wp-json\/wp\/v2\/product\/157233","targetHints":{"allow":["GET"]}}],"collection":[{"href":"https:\/\/4room.lv\/en\/wp-json\/wp\/v2\/product"}],"about":[{"href":"https:\/\/4room.lv\/en\/wp-json\/wp\/v2\/types\/product"}],"wp:featuredmedia":[{"embeddable":true,"href":"https:\/\/4room.lv\/en\/wp-json\/wp\/v2\/media\/157234"}],"wp:attachment":[{"href":"https:\/\/4room.lv\/en\/wp-json\/wp\/v2\/media?parent=157233"}],"wp:term":[{"taxonomy":"product_cat","embeddable":true,"href":"https:\/\/4room.lv\/en\/wp-json\/wp\/v2\/product_cat?post=157233"},{"taxonomy":"product_tag","embeddable":true,"href":"https:\/\/4room.lv\/en\/wp-json\/wp\/v2\/product_tag?post=157233"}],"curies":[{"name":"wp","href":"https:\/\/api.w.org\/{rel}","templated":true}]}}