{"id":157297,"date":"2025-10-02T17:40:53","date_gmt":"2025-10-02T14:40:53","guid":{"rendered":"https:\/\/4room.lv\/?post_type=product&#038;p=157297"},"modified":"2025-10-17T10:50:05","modified_gmt":"2025-10-17T07:50:05","slug":"chair-carmen","status":"publish","type":"product","link":"https:\/\/4room.lv\/en\/veikals\/mebeles\/kresli\/chair-carmen\/","title":{"rendered":"Chair Carmen"},"content":{"rendered":"","protected":false},"excerpt":{"rendered":"<p>Klasiska dizaina kr\u0113sls no iztur\u012bg\u0101 gumijkoka, lakots meln\u0101 ton\u012b. Ieder\u0113sies k\u0101 dz\u012bvokl\u012b, t\u0101 lauku maj\u0101, ka ar\u012b kafejn\u012bc\u0101. Kalpos ilgi un nezaud\u0113s aktualit\u0101ti gadiem ejot.<\/p>\n","protected":false},"featured_media":157298,"template":"","meta":[],"product_cat":[129,144],"product_tag":[],"class_list":{"0":"post-157297","1":"product","2":"type-product","3":"status-publish","4":"has-post-thumbnail","6":"product_brand-rowico","7":"product_cat-mebeles","8":"product_cat-kresli","10":"first","11":"instock","12":"sale","13":"shipping-taxable","14":"purchasable","15":"product-type-simple","16":"hongo-alternate-image-wrap"},"_links":{"self":[{"href":"https:\/\/4room.lv\/en\/wp-json\/wp\/v2\/product\/157297","targetHints":{"allow":["GET"]}}],"collection":[{"href":"https:\/\/4room.lv\/en\/wp-json\/wp\/v2\/product"}],"about":[{"href":"https:\/\/4room.lv\/en\/wp-json\/wp\/v2\/types\/product"}],"wp:featuredmedia":[{"embeddable":true,"href":"https:\/\/4room.lv\/en\/wp-json\/wp\/v2\/media\/157298"}],"wp:attachment":[{"href":"https:\/\/4room.lv\/en\/wp-json\/wp\/v2\/media?parent=157297"}],"wp:term":[{"taxonomy":"product_cat","embeddable":true,"href":"https:\/\/4room.lv\/en\/wp-json\/wp\/v2\/product_cat?post=157297"},{"taxonomy":"product_tag","embeddable":true,"href":"https:\/\/4room.lv\/en\/wp-json\/wp\/v2\/product_tag?post=157297"}],"curies":[{"name":"wp","href":"https:\/\/api.w.org\/{rel}","templated":true}]}}