{"id":157311,"date":"2025-04-28T17:49:50","date_gmt":"2025-04-28T14:49:50","guid":{"rendered":"https:\/\/4room.lv\/?post_type=product&#038;p=157311"},"modified":"2025-04-28T17:49:50","modified_gmt":"2025-04-28T14:49:50","slug":"tinto-pendant","status":"publish","type":"product","link":"https:\/\/4room.lv\/en\/veikals\/apgaismojums\/dekorativais\/tinto-pendant\/","title":{"rendered":"Tinto Pendant"},"content":{"rendered":"","protected":false},"excerpt":{"rendered":"<p>M\u016bsdien\u012bga dizaina gaismeklis maj\u012bgam apgaismojumam. T\u0101 linveida tekstila aba\u017e\u016brs skaisti absorb\u0113 gaismu, radot m\u0101j\u012bgu noska\u0146as apgaismojumu. Gaismeklim nepiecie\u0161ama E27 spuldze, kuras jaudu un spektru variet izv\u0113leties p\u0113c ieskatiem.<\/p>\n","protected":false},"featured_media":157312,"template":"","meta":[],"product_cat":[127,147],"product_tag":[],"class_list":{"0":"post-157311","1":"product","2":"type-product","3":"status-publish","4":"has-post-thumbnail","6":"product_brand-nordlux","7":"product_cat-apgaismojums","8":"product_cat-dekorativais","10":"first","11":"instock","12":"shipping-taxable","13":"purchasable","14":"product-type-simple","15":"hongo-alternate-image-wrap"},"_links":{"self":[{"href":"https:\/\/4room.lv\/en\/wp-json\/wp\/v2\/product\/157311","targetHints":{"allow":["GET"]}}],"collection":[{"href":"https:\/\/4room.lv\/en\/wp-json\/wp\/v2\/product"}],"about":[{"href":"https:\/\/4room.lv\/en\/wp-json\/wp\/v2\/types\/product"}],"wp:featuredmedia":[{"embeddable":true,"href":"https:\/\/4room.lv\/en\/wp-json\/wp\/v2\/media\/157312"}],"wp:attachment":[{"href":"https:\/\/4room.lv\/en\/wp-json\/wp\/v2\/media?parent=157311"}],"wp:term":[{"taxonomy":"product_cat","embeddable":true,"href":"https:\/\/4room.lv\/en\/wp-json\/wp\/v2\/product_cat?post=157311"},{"taxonomy":"product_tag","embeddable":true,"href":"https:\/\/4room.lv\/en\/wp-json\/wp\/v2\/product_tag?post=157311"}],"curies":[{"name":"wp","href":"https:\/\/api.w.org\/{rel}","templated":true}]}}