{"id":157327,"date":"2025-04-28T17:58:12","date_gmt":"2025-04-28T14:58:12","guid":{"rendered":"https:\/\/4room.lv\/?post_type=product&#038;p=157327"},"modified":"2025-04-28T17:58:13","modified_gmt":"2025-04-28T14:58:13","slug":"gypsum-spot-1xgu10-downlight","status":"publish","type":"product","link":"https:\/\/4room.lv\/en\/veikals\/apgaismojums\/arhitekturalais\/gypsum-spot-1xgu10-downlight\/","title":{"rendered":"GYPSUM SPOT 1XGU10 DOWNLIGHT"},"content":{"rendered":"","protected":false},"excerpt":{"rendered":"<p>Griestos ie\u0161paktel\u0113jams spotveida gaismeklis uz GU10 spuldzi. Gaismeklis ir no \u0123ip\u0161a, aks noz\u012bm\u0113 ka to var kr\u0101sot, l\u012bdz ar to gaismekli var\u0113s nokr\u0101sot griestu ton\u012b, lai t\u0101 perfekti sapl\u016bstu ar griestiem.<\/p>\n<p>Izgriesums nepiecie\u0161ams 12,2&#215;12,2cm un ieteicamais augstums griestos nepiecie\u0161ams 11,5cm.<\/p>\n","protected":false},"featured_media":157328,"template":"","meta":[],"product_cat":[127,148],"product_tag":[],"class_list":{"0":"post-157327","1":"product","2":"type-product","3":"status-publish","4":"has-post-thumbnail","6":"product_brand-zambelis","7":"product_cat-apgaismojums","8":"product_cat-arhitekturalais","10":"first","11":"instock","12":"shipping-taxable","13":"purchasable","14":"product-type-simple","15":"hongo-alternate-image-wrap"},"_links":{"self":[{"href":"https:\/\/4room.lv\/en\/wp-json\/wp\/v2\/product\/157327","targetHints":{"allow":["GET"]}}],"collection":[{"href":"https:\/\/4room.lv\/en\/wp-json\/wp\/v2\/product"}],"about":[{"href":"https:\/\/4room.lv\/en\/wp-json\/wp\/v2\/types\/product"}],"wp:featuredmedia":[{"embeddable":true,"href":"https:\/\/4room.lv\/en\/wp-json\/wp\/v2\/media\/157328"}],"wp:attachment":[{"href":"https:\/\/4room.lv\/en\/wp-json\/wp\/v2\/media?parent=157327"}],"wp:term":[{"taxonomy":"product_cat","embeddable":true,"href":"https:\/\/4room.lv\/en\/wp-json\/wp\/v2\/product_cat?post=157327"},{"taxonomy":"product_tag","embeddable":true,"href":"https:\/\/4room.lv\/en\/wp-json\/wp\/v2\/product_tag?post=157327"}],"curies":[{"name":"wp","href":"https:\/\/api.w.org\/{rel}","templated":true}]}}