{"id":157574,"date":"2025-05-21T12:03:43","date_gmt":"2025-05-21T09:03:43","guid":{"rendered":"https:\/\/4room.lv\/?post_type=product&#038;p=157574"},"modified":"2025-09-23T14:04:47","modified_gmt":"2025-09-23T11:04:47","slug":"erich-ceiling","status":"publish","type":"product","link":"https:\/\/4room.lv\/en\/veikals\/apgaismojums\/dekorativais\/erich-ceiling\/","title":{"rendered":"Erich ceiling"},"content":{"rendered":"","protected":false},"excerpt":{"rendered":"<p>Lielisks balanss starp moderno un klasisko. Erich s\u0113rija atsvaidzina Artdeko laika klasiku, lustras ar apa\u013ciem stikla kupoliem. Izmantotas m\u016bsdien\u012bg\u0101kas l\u012bnijas, kupoliem ir \u012bpa\u0161a forma, kas padara dizainu dinamisk\u0101ku. Baltie kupoli izstaros pat\u012bkamu gaismu, kas vienm\u0113r\u012bgi izgaismos visu telpu.<\/p>\n<p>Lustrai vajad\u017e\u012bgas 10gab E14 spuldzes, kuras variet izvel\u0113ties p\u0113c ieskatiem, tacu m\u0113s ieteiktu izv\u0113l\u0113ties balta stikla spuldzes, lai apgaismojums ir vienm\u0113r\u012bg\u0101ks. No caursp\u012bd\u012bgo spuld\u017eu filamentiem kupol\u0101 b\u016bs redzamas l\u012bnijas.<\/p>\n","protected":false},"featured_media":157581,"template":"","meta":[],"product_cat":[127,147],"product_tag":[],"class_list":{"0":"post-157574","1":"product","2":"type-product","3":"status-publish","4":"has-post-thumbnail","6":"product_brand-maytoni","7":"product_cat-apgaismojums","8":"product_cat-dekorativais","10":"first","11":"instock","12":"sale","13":"shipping-taxable","14":"purchasable","15":"product-type-simple"},"_links":{"self":[{"href":"https:\/\/4room.lv\/en\/wp-json\/wp\/v2\/product\/157574","targetHints":{"allow":["GET"]}}],"collection":[{"href":"https:\/\/4room.lv\/en\/wp-json\/wp\/v2\/product"}],"about":[{"href":"https:\/\/4room.lv\/en\/wp-json\/wp\/v2\/types\/product"}],"wp:featuredmedia":[{"embeddable":true,"href":"https:\/\/4room.lv\/en\/wp-json\/wp\/v2\/media\/157581"}],"wp:attachment":[{"href":"https:\/\/4room.lv\/en\/wp-json\/wp\/v2\/media?parent=157574"}],"wp:term":[{"taxonomy":"product_cat","embeddable":true,"href":"https:\/\/4room.lv\/en\/wp-json\/wp\/v2\/product_cat?post=157574"},{"taxonomy":"product_tag","embeddable":true,"href":"https:\/\/4room.lv\/en\/wp-json\/wp\/v2\/product_tag?post=157574"}],"curies":[{"name":"wp","href":"https:\/\/api.w.org\/{rel}","templated":true}]}}