{"id":157665,"date":"2025-05-26T10:14:27","date_gmt":"2025-05-26T07:14:27","guid":{"rendered":"https:\/\/4room.lv\/?post_type=product&#038;p=157665"},"modified":"2025-06-13T16:58:03","modified_gmt":"2025-06-13T13:58:03","slug":"regoli-mix","status":"publish","type":"product","link":"https:\/\/4room.lv\/en\/veikals\/apgaismojums\/dekorativais\/regoli-mix\/","title":{"rendered":"Regoli mix"},"content":{"rendered":"","protected":false},"excerpt":{"rendered":"<p>Interesanta dizaina iek\u0101rtu Led gaismek\u013cu kompoz\u012bcija. Da\u017e\u0101du formu pl\u0101ni Led pendanti, kas iek\u0101rti kojakbr\u016bnas eko\u0101das siksn\u0101s apvieno moderno un retro. Led ir dim\u0113jams.<\/p>\n","protected":false},"featured_media":157666,"template":"","meta":[],"product_cat":[127,147],"product_tag":[],"class_list":{"0":"post-157665","1":"product","2":"type-product","3":"status-publish","4":"has-post-thumbnail","6":"product_brand-ondaluce","7":"product_cat-apgaismojums","8":"product_cat-dekorativais","10":"first","11":"instock","12":"sale","13":"shipping-taxable","14":"purchasable","15":"product-type-simple","16":"hongo-alternate-image-wrap"},"_links":{"self":[{"href":"https:\/\/4room.lv\/en\/wp-json\/wp\/v2\/product\/157665","targetHints":{"allow":["GET"]}}],"collection":[{"href":"https:\/\/4room.lv\/en\/wp-json\/wp\/v2\/product"}],"about":[{"href":"https:\/\/4room.lv\/en\/wp-json\/wp\/v2\/types\/product"}],"wp:featuredmedia":[{"embeddable":true,"href":"https:\/\/4room.lv\/en\/wp-json\/wp\/v2\/media\/157666"}],"wp:attachment":[{"href":"https:\/\/4room.lv\/en\/wp-json\/wp\/v2\/media?parent=157665"}],"wp:term":[{"taxonomy":"product_cat","embeddable":true,"href":"https:\/\/4room.lv\/en\/wp-json\/wp\/v2\/product_cat?post=157665"},{"taxonomy":"product_tag","embeddable":true,"href":"https:\/\/4room.lv\/en\/wp-json\/wp\/v2\/product_tag?post=157665"}],"curies":[{"name":"wp","href":"https:\/\/api.w.org\/{rel}","templated":true}]}}