{"id":157685,"date":"2025-05-26T11:36:29","date_gmt":"2025-05-26T08:36:29","guid":{"rendered":"https:\/\/4room.lv\/?post_type=product&#038;p=157685"},"modified":"2025-12-28T19:18:58","modified_gmt":"2025-12-28T17:18:58","slug":"armchair-torrance","status":"publish","type":"product","link":"https:\/\/4room.lv\/en\/veikals\/mebeles\/kresli\/armchair-torrance\/","title":{"rendered":"Armchair Torrance"},"content":{"rendered":"","protected":false},"excerpt":{"rendered":"<p>Kr\u0113sls vintage stil\u0101 ar roku balstiem. R\u0101mis tum\u0161a riekstkoka, s\u0113\u017ea m\u012bskta rakstain\u0101 audum\u0101. Muguras spilvens no\u0146emams.<\/p>\n<p>&nbsp;<\/p>\n","protected":false},"featured_media":157686,"template":"","meta":[],"product_cat":[129,144],"product_tag":[],"class_list":{"0":"post-157685","1":"product","2":"type-product","3":"status-publish","4":"has-post-thumbnail","6":"product_brand-dutch-bone","7":"product_brand-white-label-living","8":"product_brand-zuiver","9":"product_cat-mebeles","10":"product_cat-kresli","12":"first","13":"instock","14":"shipping-taxable","15":"purchasable","16":"product-type-simple","17":"hongo-alternate-image-wrap"},"_links":{"self":[{"href":"https:\/\/4room.lv\/en\/wp-json\/wp\/v2\/product\/157685","targetHints":{"allow":["GET"]}}],"collection":[{"href":"https:\/\/4room.lv\/en\/wp-json\/wp\/v2\/product"}],"about":[{"href":"https:\/\/4room.lv\/en\/wp-json\/wp\/v2\/types\/product"}],"wp:featuredmedia":[{"embeddable":true,"href":"https:\/\/4room.lv\/en\/wp-json\/wp\/v2\/media\/157686"}],"wp:attachment":[{"href":"https:\/\/4room.lv\/en\/wp-json\/wp\/v2\/media?parent=157685"}],"wp:term":[{"taxonomy":"product_cat","embeddable":true,"href":"https:\/\/4room.lv\/en\/wp-json\/wp\/v2\/product_cat?post=157685"},{"taxonomy":"product_tag","embeddable":true,"href":"https:\/\/4room.lv\/en\/wp-json\/wp\/v2\/product_tag?post=157685"}],"curies":[{"name":"wp","href":"https:\/\/api.w.org\/{rel}","templated":true}]}}