{"id":157704,"date":"2025-05-26T11:53:43","date_gmt":"2025-05-26T08:53:43","guid":{"rendered":"https:\/\/4room.lv\/?post_type=product&#038;p=157704"},"modified":"2025-12-28T19:18:58","modified_gmt":"2025-12-28T17:18:58","slug":"table-chase-organic-round","status":"publish","type":"product","link":"https:\/\/4room.lv\/en\/veikals\/mebeles\/galdi\/table-chase-organic-round\/","title":{"rendered":"Table Chase Organic Round"},"content":{"rendered":"","protected":false},"excerpt":{"rendered":"<p>Asimetriskas formas galds ar riekskoka fienera virsmu un melna met\u0101la k\u0101j\u0101m. Kompakts un ar pl\u0161\u016bsto\u0161u formu, tas noteikti b\u016bs labs akcents visda\u017e\u0101d\u0101kajos interjeros.<\/p>\n","protected":false},"featured_media":157714,"template":"","meta":[],"product_cat":[129,142],"product_tag":[],"class_list":{"0":"post-157704","1":"product","2":"type-product","3":"status-publish","4":"has-post-thumbnail","6":"product_brand-dutch-bone","7":"product_brand-white-label-living","8":"product_brand-zuiver","9":"product_cat-mebeles","10":"product_cat-galdi","12":"first","13":"instock","14":"shipping-taxable","15":"purchasable","16":"product-type-simple","17":"hongo-alternate-image-wrap"},"_links":{"self":[{"href":"https:\/\/4room.lv\/en\/wp-json\/wp\/v2\/product\/157704","targetHints":{"allow":["GET"]}}],"collection":[{"href":"https:\/\/4room.lv\/en\/wp-json\/wp\/v2\/product"}],"about":[{"href":"https:\/\/4room.lv\/en\/wp-json\/wp\/v2\/types\/product"}],"wp:featuredmedia":[{"embeddable":true,"href":"https:\/\/4room.lv\/en\/wp-json\/wp\/v2\/media\/157714"}],"wp:attachment":[{"href":"https:\/\/4room.lv\/en\/wp-json\/wp\/v2\/media?parent=157704"}],"wp:term":[{"taxonomy":"product_cat","embeddable":true,"href":"https:\/\/4room.lv\/en\/wp-json\/wp\/v2\/product_cat?post=157704"},{"taxonomy":"product_tag","embeddable":true,"href":"https:\/\/4room.lv\/en\/wp-json\/wp\/v2\/product_tag?post=157704"}],"curies":[{"name":"wp","href":"https:\/\/api.w.org\/{rel}","templated":true}]}}