{"id":157723,"date":"2025-05-26T14:58:43","date_gmt":"2025-05-26T11:58:43","guid":{"rendered":"https:\/\/4room.lv\/?post_type=product&#038;p=157723"},"modified":"2026-03-13T11:00:32","modified_gmt":"2026-03-13T09:00:32","slug":"outdoor-recessed-light-led-7w","status":"publish","type":"product","link":"https:\/\/4room.lv\/en\/veikals\/apgaismojums\/arhitekturalais\/outdoor-recessed-light-led-7w\/","title":{"rendered":"OUTDOOR RECESSED LIGHT LED 7W"},"content":{"rendered":"","protected":false},"excerpt":{"rendered":"<p>\u0100ra LED gaismeklis, kas paredz\u0113ts uzst\u0101d\u012b\u0161anai zem\u0113, apvienojot iztur\u012bbu un modernu est\u0113tiku. Izgatavots no ner\u016bs\u0113jo\u0161\u0101 t\u0113rauda ar r\u016bd\u012btu stiklu, tas ir apr\u012bkots ar 7 W LED gaismas avotu, kas nodro\u0161ina 560 l\u016bmenus ar 3000 K kr\u0101su temperat\u016bru un 80 CRI. Asimetriskais 45\u00b0 staru k\u016b\u013ca le\u0146\u0137is nodro\u0161ina fokus\u0113tu apgaismojumu, savuk\u0101rt t\u0101 IP67 un IK08 aizsardz\u012bbas klases garant\u0113 iztur\u012bbu pret \u016bdeni, putek\u013ciem un triecieniem. Produktam ir iek\u013cauta ieb\u016bv\u0113jama mont\u0101\u017eas k\u0101rba un 50 cm kabelis vienk\u0101r\u0161ai uzst\u0101d\u012b\u0161anai, padarot to par uzticamu izv\u0113li \u0101ra videi.<\/p>\n","protected":false},"featured_media":157724,"template":"","meta":[],"product_cat":[127,150,148],"product_tag":[],"class_list":{"0":"post-157723","1":"product","2":"type-product","3":"status-publish","4":"has-post-thumbnail","6":"product_brand-zambelis","7":"product_cat-apgaismojums","8":"product_cat-ara","9":"product_cat-arhitekturalais","11":"first","12":"instock","13":"shipping-taxable","14":"purchasable","15":"product-type-simple","16":"hongo-alternate-image-wrap"},"_links":{"self":[{"href":"https:\/\/4room.lv\/en\/wp-json\/wp\/v2\/product\/157723","targetHints":{"allow":["GET"]}}],"collection":[{"href":"https:\/\/4room.lv\/en\/wp-json\/wp\/v2\/product"}],"about":[{"href":"https:\/\/4room.lv\/en\/wp-json\/wp\/v2\/types\/product"}],"wp:featuredmedia":[{"embeddable":true,"href":"https:\/\/4room.lv\/en\/wp-json\/wp\/v2\/media\/157724"}],"wp:attachment":[{"href":"https:\/\/4room.lv\/en\/wp-json\/wp\/v2\/media?parent=157723"}],"wp:term":[{"taxonomy":"product_cat","embeddable":true,"href":"https:\/\/4room.lv\/en\/wp-json\/wp\/v2\/product_cat?post=157723"},{"taxonomy":"product_tag","embeddable":true,"href":"https:\/\/4room.lv\/en\/wp-json\/wp\/v2\/product_tag?post=157723"}],"curies":[{"name":"wp","href":"https:\/\/api.w.org\/{rel}","templated":true}]}}