{"id":157762,"date":"2025-05-26T17:28:26","date_gmt":"2025-05-26T14:28:26","guid":{"rendered":"https:\/\/4room.lv\/?post_type=product&#038;p=157762"},"modified":"2025-05-26T17:28:27","modified_gmt":"2025-05-26T14:28:27","slug":"dugan-table-lamp-beige","status":"publish","type":"product","link":"https:\/\/4room.lv\/en\/veikals\/apgaismojums\/dekorativais\/dugan-table-lamp-beige\/","title":{"rendered":"Dugan Table lamp Beige"},"content":{"rendered":"","protected":false},"excerpt":{"rendered":"<p>Efekt\u012bga galda lampa omul\u012bgiem vakariem. Skaista keramikas b\u0101ze b\u0113\u0161a ton\u012b ar melnu graudojumu un b\u0113\u0161s linveida auduma aba\u017e\u016brs. Labi iedz\u012bvosies visda\u017e\u0101d\u0101kajos interjeros.<\/p>\n<p>Gaismeklim nepiecie\u0161ama viena E14 spuld\u017e\u012bte, kuru variet izv\u0113l\u0113ties p\u0113c saviem ieskatiem.<\/p>\n","protected":false},"featured_media":157763,"template":"","meta":[],"product_cat":[127,147],"product_tag":[],"class_list":{"0":"post-157762","1":"product","2":"type-product","3":"status-publish","4":"has-post-thumbnail","6":"product_brand-nordlux","7":"product_cat-apgaismojums","8":"product_cat-dekorativais","10":"first","11":"instock","12":"shipping-taxable","13":"purchasable","14":"product-type-simple","15":"hongo-alternate-image-wrap"},"_links":{"self":[{"href":"https:\/\/4room.lv\/en\/wp-json\/wp\/v2\/product\/157762","targetHints":{"allow":["GET"]}}],"collection":[{"href":"https:\/\/4room.lv\/en\/wp-json\/wp\/v2\/product"}],"about":[{"href":"https:\/\/4room.lv\/en\/wp-json\/wp\/v2\/types\/product"}],"wp:featuredmedia":[{"embeddable":true,"href":"https:\/\/4room.lv\/en\/wp-json\/wp\/v2\/media\/157763"}],"wp:attachment":[{"href":"https:\/\/4room.lv\/en\/wp-json\/wp\/v2\/media?parent=157762"}],"wp:term":[{"taxonomy":"product_cat","embeddable":true,"href":"https:\/\/4room.lv\/en\/wp-json\/wp\/v2\/product_cat?post=157762"},{"taxonomy":"product_tag","embeddable":true,"href":"https:\/\/4room.lv\/en\/wp-json\/wp\/v2\/product_tag?post=157762"}],"curies":[{"name":"wp","href":"https:\/\/api.w.org\/{rel}","templated":true}]}}