{"id":157788,"date":"2025-05-26T17:53:51","date_gmt":"2025-05-26T14:53:51","guid":{"rendered":"https:\/\/4room.lv\/?post_type=product&#038;p=157788"},"modified":"2025-12-28T19:18:58","modified_gmt":"2025-12-28T17:18:58","slug":"side-table-karula-high","status":"publish","type":"product","link":"https:\/\/4room.lv\/en\/veikals\/mebeles\/galdi\/side-table-karula-high\/","title":{"rendered":"Side Table Karula High"},"content":{"rendered":"","protected":false},"excerpt":{"rendered":"<p>Kafijas galdi\u0146\u0161 silti b\u0113\u0161os to\u0146os. Eleganta b\u0101ze no dzelzs un kremaikas virsma, kas atg\u0101dina travert\u012bnu.<\/p>\n<p>&nbsp;<\/p>\n","protected":false},"featured_media":157789,"template":"","meta":[],"product_cat":[129,142],"product_tag":[],"class_list":{"0":"post-157788","1":"product","2":"type-product","3":"status-publish","4":"has-post-thumbnail","6":"product_brand-dutch-bone","7":"product_brand-white-label-living","8":"product_brand-zuiver","9":"product_cat-mebeles","10":"product_cat-galdi","12":"first","13":"instock","14":"shipping-taxable","15":"purchasable","16":"product-type-simple","17":"hongo-alternate-image-wrap"},"_links":{"self":[{"href":"https:\/\/4room.lv\/en\/wp-json\/wp\/v2\/product\/157788","targetHints":{"allow":["GET"]}}],"collection":[{"href":"https:\/\/4room.lv\/en\/wp-json\/wp\/v2\/product"}],"about":[{"href":"https:\/\/4room.lv\/en\/wp-json\/wp\/v2\/types\/product"}],"wp:featuredmedia":[{"embeddable":true,"href":"https:\/\/4room.lv\/en\/wp-json\/wp\/v2\/media\/157789"}],"wp:attachment":[{"href":"https:\/\/4room.lv\/en\/wp-json\/wp\/v2\/media?parent=157788"}],"wp:term":[{"taxonomy":"product_cat","embeddable":true,"href":"https:\/\/4room.lv\/en\/wp-json\/wp\/v2\/product_cat?post=157788"},{"taxonomy":"product_tag","embeddable":true,"href":"https:\/\/4room.lv\/en\/wp-json\/wp\/v2\/product_tag?post=157788"}],"curies":[{"name":"wp","href":"https:\/\/api.w.org\/{rel}","templated":true}]}}