{"id":157814,"date":"2025-05-27T10:11:42","date_gmt":"2025-05-27T07:11:42","guid":{"rendered":"https:\/\/4room.lv\/?post_type=product&#038;p=157814"},"modified":"2025-12-28T19:18:58","modified_gmt":"2025-12-28T17:18:58","slug":"garden-chair-vondel-black","status":"publish","type":"product","link":"https:\/\/4room.lv\/en\/veikals\/mebeles\/kresli\/garden-chair-vondel-black\/","title":{"rendered":"Garden Chair Vondel Black"},"content":{"rendered":"","protected":false},"excerpt":{"rendered":"<p>Ja mekl\u0113jiet kvalitat\u012bvas un \u0113rtas \u0101ra m\u0113beles, tad Vondel s\u0113rija b\u016bs tie\u0161i tas ko mekl\u0113jat. Vondel kr\u0113sli ir ar \u0113rtu izliekumu, iztur\u012bg\u0101 alum\u012bnija sakaus\u0113jum\u0101, apstr\u0101d\u0101ti ar \u012bpa\u0161u kr\u0101su, kas ir notur\u012bga pret \u0101ra apst\u0101k\u013ciem, k\u0101 mitrums un saule, k\u0101 ar\u012b padara to viegli kopjamu. Elegantais dizains ieder\u0113sies k\u0101\u00a0 piem\u0101jas teras\u0113, t\u0101 kafejn\u012bc\u0101.<\/p>\n","protected":false},"featured_media":157815,"template":"","meta":[],"product_cat":[129,144],"product_tag":[],"class_list":{"0":"post-157814","1":"product","2":"type-product","3":"status-publish","4":"has-post-thumbnail","6":"product_brand-dutch-bone","7":"product_brand-white-label-living","8":"product_brand-zuiver","9":"product_cat-mebeles","10":"product_cat-kresli","12":"first","13":"instock","14":"shipping-taxable","15":"purchasable","16":"product-type-simple","17":"hongo-alternate-image-wrap"},"_links":{"self":[{"href":"https:\/\/4room.lv\/en\/wp-json\/wp\/v2\/product\/157814","targetHints":{"allow":["GET"]}}],"collection":[{"href":"https:\/\/4room.lv\/en\/wp-json\/wp\/v2\/product"}],"about":[{"href":"https:\/\/4room.lv\/en\/wp-json\/wp\/v2\/types\/product"}],"wp:featuredmedia":[{"embeddable":true,"href":"https:\/\/4room.lv\/en\/wp-json\/wp\/v2\/media\/157815"}],"wp:attachment":[{"href":"https:\/\/4room.lv\/en\/wp-json\/wp\/v2\/media?parent=157814"}],"wp:term":[{"taxonomy":"product_cat","embeddable":true,"href":"https:\/\/4room.lv\/en\/wp-json\/wp\/v2\/product_cat?post=157814"},{"taxonomy":"product_tag","embeddable":true,"href":"https:\/\/4room.lv\/en\/wp-json\/wp\/v2\/product_tag?post=157814"}],"curies":[{"name":"wp","href":"https:\/\/api.w.org\/{rel}","templated":true}]}}