{"id":157849,"date":"2025-05-27T17:26:10","date_gmt":"2025-05-27T14:26:10","guid":{"rendered":"https:\/\/4room.lv\/?post_type=product&#038;p=157849"},"modified":"2025-05-27T17:27:11","modified_gmt":"2025-05-27T14:27:11","slug":"leaf-light-delicio","status":"publish","type":"product","link":"https:\/\/4room.lv\/en\/veikals\/apgaismojums\/dekorativais\/leaf-light-delicio\/","title":{"rendered":"Leaf Light Delicio"},"content":{"rendered":"","protected":false},"excerpt":{"rendered":"<p>Unik\u0101la l\u0101d\u0113jama galda lampa no Seletti b\u016bs burv\u012bgs un praktisks dekors. Eleganta monsteras lapa v\u0101z\u012bt\u0113, kas nonov\u012bt\u012bs un nenokalt\u012bs. Tas b\u016bs skaists akcents galdam m\u0101j\u0101s vai kafejn\u012bca, vai for\u0161a naktslampi\u0146a pie gultas. Gaisma ir silta un pat\u012bkama, atmosf\u0113riskam apgaismojumam.\u00a0 Uz gaismek\u013ca ir skaists zelta sl\u0113dz\u012bts ar ko lampu iesl\u0113dz\/izsl\u0113dz un dimm\u0113.<\/p>\n<p>Gaismeklis pie pilnas uzl\u0101des darbojas 6H. L\u0101d\u0113jams ar USB, kas n\u0101k l\u012bdzi komplekt\u0101cij\u0101.<\/p>\n","protected":false},"featured_media":157850,"template":"","meta":[],"product_cat":[1058,127,147],"product_tag":[],"class_list":{"0":"post-157849","1":"product","2":"type-product","3":"status-publish","4":"has-post-thumbnail","6":"product_brand-saletti","7":"product_cat-dizaina","8":"product_cat-apgaismojums","9":"product_cat-dekorativais","11":"first","12":"instock","13":"shipping-taxable","14":"purchasable","15":"product-type-simple","16":"hongo-alternate-image-wrap"},"_links":{"self":[{"href":"https:\/\/4room.lv\/en\/wp-json\/wp\/v2\/product\/157849","targetHints":{"allow":["GET"]}}],"collection":[{"href":"https:\/\/4room.lv\/en\/wp-json\/wp\/v2\/product"}],"about":[{"href":"https:\/\/4room.lv\/en\/wp-json\/wp\/v2\/types\/product"}],"wp:featuredmedia":[{"embeddable":true,"href":"https:\/\/4room.lv\/en\/wp-json\/wp\/v2\/media\/157850"}],"wp:attachment":[{"href":"https:\/\/4room.lv\/en\/wp-json\/wp\/v2\/media?parent=157849"}],"wp:term":[{"taxonomy":"product_cat","embeddable":true,"href":"https:\/\/4room.lv\/en\/wp-json\/wp\/v2\/product_cat?post=157849"},{"taxonomy":"product_tag","embeddable":true,"href":"https:\/\/4room.lv\/en\/wp-json\/wp\/v2\/product_tag?post=157849"}],"curies":[{"name":"wp","href":"https:\/\/api.w.org\/{rel}","templated":true}]}}