{"id":157865,"date":"2025-05-27T17:46:08","date_gmt":"2025-05-27T14:46:08","guid":{"rendered":"https:\/\/4room.lv\/?post_type=product&#038;p=157865"},"modified":"2025-05-27T17:46:08","modified_gmt":"2025-05-27T14:46:08","slug":"tea-wall-lamp-black","status":"publish","type":"product","link":"https:\/\/4room.lv\/en\/veikals\/apgaismojums\/dekorativais\/tea-wall-lamp-black\/","title":{"rendered":"Tea wall lamp black"},"content":{"rendered":"","protected":false},"excerpt":{"rendered":"<p>Baud\u0101ms dizains un funkcion\u0101ls lieto\u0161an\u0101, t\u0101ds ir jaunais modelis Tea no Aromas. Apvienojot m\u016bsdien\u012bgu met\u0101la b\u0101zi, klasisku stikla kupolu un elegnatu marmora deta\u013cu, kopskats ir ekstravagants un unik\u0101ls.<\/p>\n<p>Gaismeklim uz korpusa ir divi sl\u0113d\u017ei, attiec\u012bgi variet iesl\u0113gt atsevi\u0161\u0137i stikla kupolu, maigai atmosf\u0113riskai gaismai, k\u0101 a\u0157\u012b atsevi\u0161\u0137i iesl\u0113dzama spotgaisma, kas b\u016bs piem\u0113rota las\u012b\u0161anai, un protams var iesl\u0113gt izsl\u0113gt abus reiz\u0113. Gaisma ir silta un pat\u012bkama.<\/p>\n<p>Konkr\u0113tais gaismeklis ir melns, ta\u010du ir iesp\u0113ja pas\u016bt\u012bt ar\u012b pel\u0113k\u0101 un zelta apdar\u0113.<\/p>\n<p>&nbsp;<\/p>\n","protected":false},"featured_media":157866,"template":"","meta":[],"product_cat":[1058,127,147],"product_tag":[],"class_list":{"0":"post-157865","1":"product","2":"type-product","3":"status-publish","4":"has-post-thumbnail","6":"product_brand-aromas-del-campo","7":"product_cat-dizaina","8":"product_cat-apgaismojums","9":"product_cat-dekorativais","11":"first","12":"instock","13":"shipping-taxable","14":"purchasable","15":"product-type-simple"},"_links":{"self":[{"href":"https:\/\/4room.lv\/en\/wp-json\/wp\/v2\/product\/157865","targetHints":{"allow":["GET"]}}],"collection":[{"href":"https:\/\/4room.lv\/en\/wp-json\/wp\/v2\/product"}],"about":[{"href":"https:\/\/4room.lv\/en\/wp-json\/wp\/v2\/types\/product"}],"wp:featuredmedia":[{"embeddable":true,"href":"https:\/\/4room.lv\/en\/wp-json\/wp\/v2\/media\/157866"}],"wp:attachment":[{"href":"https:\/\/4room.lv\/en\/wp-json\/wp\/v2\/media?parent=157865"}],"wp:term":[{"taxonomy":"product_cat","embeddable":true,"href":"https:\/\/4room.lv\/en\/wp-json\/wp\/v2\/product_cat?post=157865"},{"taxonomy":"product_tag","embeddable":true,"href":"https:\/\/4room.lv\/en\/wp-json\/wp\/v2\/product_tag?post=157865"}],"curies":[{"name":"wp","href":"https:\/\/api.w.org\/{rel}","templated":true}]}}