{"id":157968,"date":"2025-05-28T17:49:45","date_gmt":"2025-05-28T14:49:45","guid":{"rendered":"https:\/\/4room.lv\/?post_type=product&#038;p=157968"},"modified":"2026-04-18T16:39:04","modified_gmt":"2026-04-18T13:39:04","slug":"ribby-line-updown-led-suspended-terracota","status":"publish","type":"product","link":"https:\/\/4room.lv\/en\/veikals\/apgaismojums\/dekorativais\/ribby-line-updown-led-suspended-terracota\/","title":{"rendered":"RIBBY line up&#038;down LED suspended terracota"},"content":{"rendered":"","protected":false},"excerpt":{"rendered":"<p>Jaun\u0101k\u0101 kolekcija no AqForm Ribby par\u0101da, ka tehniskajam apgaismojumam nav j\u0101b\u016bt garlaic\u012bgam! Noapa\u013cots rievots korpuss gaum\u012bgaj\u0101s AqForm kr\u0101s\u0101s un ar augstv\u0113rt\u012bgu Led apvieno dizainu un labu veiktsp\u0113ju. Akcenta terakotas tonis atsvaidzin\u0101s gan privatm\u0101jas, gan ofisa interjeru. Gaisma sp\u012bd\u00a0 uz aug\u0161u un uz leju, vienm\u0113r\u012bgi izgaismojot telpu.<\/p>\n<p>Pla\u0161a iesp\u0113ja modific\u0113t gaismekli p\u0113c vajadz\u012bbas. Tam ir pieejami vair\u0101ki izm\u0113ri, to\u0146i, jaudas un spektri, k\u0101 ar\u012b daz\u0101das dim\u0113\u0161anas opcijas L\u012bdz ar to variet to piel\u0101got tiesi sav\u0101m vajadz\u012bb\u0101m. Par vis\u0101m iesp\u0113j\u0101m variet uzzin\u0101t AQForm lap\u0101\/katalog\u0101 vai v\u0113r\u0161oties pie mums.<\/p>\n","protected":false},"featured_media":157979,"template":"","meta":[],"product_cat":[1058,127,148,147],"product_tag":[],"class_list":{"0":"post-157968","1":"product","2":"type-product","3":"status-publish","4":"has-post-thumbnail","6":"product_brand-aqform","7":"product_cat-dizaina","8":"product_cat-apgaismojums","9":"product_cat-arhitekturalais","10":"product_cat-dekorativais","12":"first","13":"instock","14":"shipping-taxable","15":"purchasable","16":"product-type-simple","17":"hongo-alternate-image-wrap"},"_links":{"self":[{"href":"https:\/\/4room.lv\/en\/wp-json\/wp\/v2\/product\/157968","targetHints":{"allow":["GET"]}}],"collection":[{"href":"https:\/\/4room.lv\/en\/wp-json\/wp\/v2\/product"}],"about":[{"href":"https:\/\/4room.lv\/en\/wp-json\/wp\/v2\/types\/product"}],"wp:featuredmedia":[{"embeddable":true,"href":"https:\/\/4room.lv\/en\/wp-json\/wp\/v2\/media\/157979"}],"wp:attachment":[{"href":"https:\/\/4room.lv\/en\/wp-json\/wp\/v2\/media?parent=157968"}],"wp:term":[{"taxonomy":"product_cat","embeddable":true,"href":"https:\/\/4room.lv\/en\/wp-json\/wp\/v2\/product_cat?post=157968"},{"taxonomy":"product_tag","embeddable":true,"href":"https:\/\/4room.lv\/en\/wp-json\/wp\/v2\/product_tag?post=157968"}],"curies":[{"name":"wp","href":"https:\/\/api.w.org\/{rel}","templated":true}]}}