{"id":157989,"date":"2025-05-29T12:12:51","date_gmt":"2025-05-29T09:12:51","guid":{"rendered":"https:\/\/4room.lv\/?post_type=product&#038;p=157989"},"modified":"2025-05-29T12:12:51","modified_gmt":"2025-05-29T09:12:51","slug":"welland-1-light-flush-aged-brass","status":"publish","type":"product","link":"https:\/\/4room.lv\/en\/veikals\/apgaismojums\/dekorativais\/welland-1-light-flush-aged-brass\/","title":{"rendered":"Welland 1 Light Flush &#8211; Aged Brass"},"content":{"rendered":"","protected":false},"excerpt":{"rendered":"<p>Klasiska stila Led griestu gaismeklis vecin\u0101ta misi\u0146a ton\u012b. Gaismeklim ir mitrumnotur\u012bba, l\u012bdz ar to b\u016bs piem\u0113rots ar\u012b vannasistab\u0101m. B\u016bs lielisks risin\u0101jums tiem, kas v\u0113l\u0101s klasiskas v\u0113rt\u012bbas ar m\u016bsdien\u012bgam tehnolo\u0123ij\u0101m.<\/p>\n<p>Pieejams a\u0157\u012b citos metalos. Par to jaut\u0101t variet mums.<\/p>\n","protected":false},"featured_media":157990,"template":"","meta":[],"product_cat":[127,147],"product_tag":[],"class_list":{"0":"post-157989","1":"product","2":"type-product","3":"status-publish","4":"has-post-thumbnail","6":"product_brand-elstead","7":"product_cat-apgaismojums","8":"product_cat-dekorativais","10":"first","11":"instock","12":"shipping-taxable","13":"purchasable","14":"product-type-simple","15":"hongo-alternate-image-wrap"},"_links":{"self":[{"href":"https:\/\/4room.lv\/en\/wp-json\/wp\/v2\/product\/157989","targetHints":{"allow":["GET"]}}],"collection":[{"href":"https:\/\/4room.lv\/en\/wp-json\/wp\/v2\/product"}],"about":[{"href":"https:\/\/4room.lv\/en\/wp-json\/wp\/v2\/types\/product"}],"wp:featuredmedia":[{"embeddable":true,"href":"https:\/\/4room.lv\/en\/wp-json\/wp\/v2\/media\/157990"}],"wp:attachment":[{"href":"https:\/\/4room.lv\/en\/wp-json\/wp\/v2\/media?parent=157989"}],"wp:term":[{"taxonomy":"product_cat","embeddable":true,"href":"https:\/\/4room.lv\/en\/wp-json\/wp\/v2\/product_cat?post=157989"},{"taxonomy":"product_tag","embeddable":true,"href":"https:\/\/4room.lv\/en\/wp-json\/wp\/v2\/product_tag?post=157989"}],"curies":[{"name":"wp","href":"https:\/\/api.w.org\/{rel}","templated":true}]}}