{"id":157999,"date":"2025-05-29T12:30:18","date_gmt":"2025-05-29T09:30:18","guid":{"rendered":"https:\/\/4room.lv\/?post_type=product&#038;p=157999"},"modified":"2025-05-29T12:33:28","modified_gmt":"2025-05-29T09:33:28","slug":"tromso","status":"publish","type":"product","link":"https:\/\/4room.lv\/en\/veikals\/apgaismojums\/dekorativais\/tromso\/","title":{"rendered":"Tromso"},"content":{"rendered":"","protected":false},"excerpt":{"rendered":"<p>Eleganta lustra uz metala k\u0101jas. Misi\u0146a \u0101ja ir no diviem stie\u0146iem, l\u012bdz ar to var likt 60cm vai 115cm garum\u0101. Lustru rot\u0101 \u0137\u0113d\u012bt\u0113s iek\u0101rtas baltas akrila lapi\u0146as, kas br\u012bvi karajoties kust\u0101s pie v\u0113ja br\u0101zmas no atv\u0113rta loga, pies\u0137irot gaismeklim vieglumu. Iek\u0161\u0101 sl\u0113pjas 5gab E14 spuldzes, kuras variet izvel\u0113ties p\u0113c ieskatiem. Gaisma no lustras b\u016bs maiga un pa\u012btkama. Gaismeklis b\u016bs gais\u012bgs un elegants, pies\u0137irot burv\u012bgu akcentu j\u016bsu telpai.<\/p>\n","protected":false},"featured_media":158003,"template":"","meta":[],"product_cat":[127,147],"product_tag":[],"class_list":{"0":"post-157999","1":"product","2":"type-product","3":"status-publish","4":"has-post-thumbnail","6":"product_cat-apgaismojums","7":"product_cat-dekorativais","9":"first","10":"instock","11":"shipping-taxable","12":"purchasable","13":"product-type-simple","14":"hongo-alternate-image-wrap"},"_links":{"self":[{"href":"https:\/\/4room.lv\/en\/wp-json\/wp\/v2\/product\/157999","targetHints":{"allow":["GET"]}}],"collection":[{"href":"https:\/\/4room.lv\/en\/wp-json\/wp\/v2\/product"}],"about":[{"href":"https:\/\/4room.lv\/en\/wp-json\/wp\/v2\/types\/product"}],"wp:featuredmedia":[{"embeddable":true,"href":"https:\/\/4room.lv\/en\/wp-json\/wp\/v2\/media\/158003"}],"wp:attachment":[{"href":"https:\/\/4room.lv\/en\/wp-json\/wp\/v2\/media?parent=157999"}],"wp:term":[{"taxonomy":"product_cat","embeddable":true,"href":"https:\/\/4room.lv\/en\/wp-json\/wp\/v2\/product_cat?post=157999"},{"taxonomy":"product_tag","embeddable":true,"href":"https:\/\/4room.lv\/en\/wp-json\/wp\/v2\/product_tag?post=157999"}],"curies":[{"name":"wp","href":"https:\/\/api.w.org\/{rel}","templated":true}]}}