{"id":158028,"date":"2025-05-29T13:19:55","date_gmt":"2025-05-29T10:19:55","guid":{"rendered":"https:\/\/4room.lv\/?post_type=product&#038;p=158028"},"modified":"2025-05-29T13:19:55","modified_gmt":"2025-05-29T10:19:55","slug":"konna-chair-ekspozicijas-cena","status":"publish","type":"product","link":"https:\/\/4room.lv\/en\/veikals\/mebeles\/kresli\/konna-chair-ekspozicijas-cena\/","title":{"rendered":"Konna chair (ekspoz\u012bcijas cena)"},"content":{"rendered":"","protected":false},"excerpt":{"rendered":"<p>Skaisti \u0113damkr\u0113sli ar roku balstiem neitr\u0101l\u0101 b\u0113\u0161\u0101 ton\u012b ar riekstkoka to\u0146a kaj\u0101m par \u012bpa\u0161u ekspoz\u012bcijas cenu! Daudzums ierobe\u017eots!<\/p>\n<p>Dro\u0161i ar\u012b n\u0101ciet apskat\u012bt kl\u0101tien\u0113 salon\u0101.<\/p>\n","protected":false},"featured_media":158029,"template":"","meta":[],"product_cat":[129,144],"product_tag":[],"class_list":{"0":"post-158028","1":"product","2":"type-product","3":"status-publish","4":"has-post-thumbnail","6":"product_brand-kavehome","7":"product_cat-mebeles","8":"product_cat-kresli","10":"first","11":"instock","12":"sale","13":"shipping-taxable","14":"purchasable","15":"product-type-simple","16":"hongo-alternate-image-wrap"},"_links":{"self":[{"href":"https:\/\/4room.lv\/en\/wp-json\/wp\/v2\/product\/158028","targetHints":{"allow":["GET"]}}],"collection":[{"href":"https:\/\/4room.lv\/en\/wp-json\/wp\/v2\/product"}],"about":[{"href":"https:\/\/4room.lv\/en\/wp-json\/wp\/v2\/types\/product"}],"wp:featuredmedia":[{"embeddable":true,"href":"https:\/\/4room.lv\/en\/wp-json\/wp\/v2\/media\/158029"}],"wp:attachment":[{"href":"https:\/\/4room.lv\/en\/wp-json\/wp\/v2\/media?parent=158028"}],"wp:term":[{"taxonomy":"product_cat","embeddable":true,"href":"https:\/\/4room.lv\/en\/wp-json\/wp\/v2\/product_cat?post=158028"},{"taxonomy":"product_tag","embeddable":true,"href":"https:\/\/4room.lv\/en\/wp-json\/wp\/v2\/product_tag?post=158028"}],"curies":[{"name":"wp","href":"https:\/\/api.w.org\/{rel}","templated":true}]}}