{"id":158051,"date":"2025-05-29T15:42:50","date_gmt":"2025-05-29T12:42:50","guid":{"rendered":"https:\/\/4room.lv\/?post_type=product&#038;p=158051"},"modified":"2025-05-29T15:42:50","modified_gmt":"2025-05-29T12:42:50","slug":"green-retro-1-light-table-lamp","status":"publish","type":"product","link":"https:\/\/4room.lv\/en\/veikals\/apgaismojums\/dekorativais\/green-retro-1-light-table-lamp\/","title":{"rendered":"Green Retro 1 Light Table Lamp"},"content":{"rendered":"","protected":false},"excerpt":{"rendered":"<p>M\u0101kslinieciska galda lampa ar skaistu porcel\u0101na b\u0101zi, unik\u0101l\u0101 dzeltenza\u013cgan\u0101 ton\u012b, ar zilo\u0146kaula to\u0146a auduma aba\u017e\u016bru. \u0160\u012b galda lampa noteikti izcelsies k\u0101 dizaina priek\u0161mets j\u016bsu telp\u0101.<\/p>\n<p>Gaismekl\u012b iet E27 spuldze, kuru variet izvel\u0113ties p\u0113c ieskatiem.<\/p>\n","protected":false},"featured_media":158052,"template":"","meta":[],"product_cat":[127,147],"product_tag":[],"class_list":{"0":"post-158051","1":"product","2":"type-product","3":"status-publish","4":"has-post-thumbnail","6":"product_brand-elstead","7":"product_cat-apgaismojums","8":"product_cat-dekorativais","10":"first","11":"instock","12":"shipping-taxable","13":"purchasable","14":"product-type-simple","15":"hongo-alternate-image-wrap"},"_links":{"self":[{"href":"https:\/\/4room.lv\/en\/wp-json\/wp\/v2\/product\/158051","targetHints":{"allow":["GET"]}}],"collection":[{"href":"https:\/\/4room.lv\/en\/wp-json\/wp\/v2\/product"}],"about":[{"href":"https:\/\/4room.lv\/en\/wp-json\/wp\/v2\/types\/product"}],"wp:featuredmedia":[{"embeddable":true,"href":"https:\/\/4room.lv\/en\/wp-json\/wp\/v2\/media\/158052"}],"wp:attachment":[{"href":"https:\/\/4room.lv\/en\/wp-json\/wp\/v2\/media?parent=158051"}],"wp:term":[{"taxonomy":"product_cat","embeddable":true,"href":"https:\/\/4room.lv\/en\/wp-json\/wp\/v2\/product_cat?post=158051"},{"taxonomy":"product_tag","embeddable":true,"href":"https:\/\/4room.lv\/en\/wp-json\/wp\/v2\/product_tag?post=158051"}],"curies":[{"name":"wp","href":"https:\/\/api.w.org\/{rel}","templated":true}]}}