{"id":158122,"date":"2025-05-29T16:39:41","date_gmt":"2025-05-29T13:39:41","guid":{"rendered":"https:\/\/4room.lv\/?post_type=product&#038;p=158122"},"modified":"2025-05-29T16:50:53","modified_gmt":"2025-05-29T13:50:53","slug":"eris-gold","status":"publish","type":"product","link":"https:\/\/4room.lv\/en\/veikals\/apgaismojums\/dekorativais\/eris-gold\/","title":{"rendered":"Eris gold"},"content":{"rendered":"","protected":false},"excerpt":{"rendered":"<p>Elegants stikla Led gaismeklis ar zelta deta\u013c\u0101m un pat\u012bkamu apgaismojumu.<\/p>\n","protected":false},"featured_media":158126,"template":"","meta":[],"product_cat":[127,147],"product_tag":[],"class_list":{"0":"post-158122","1":"product","2":"type-product","3":"status-publish","4":"has-post-thumbnail","6":"product_brand-italux","7":"product_cat-apgaismojums","8":"product_cat-dekorativais","10":"first","11":"instock","12":"sale","13":"shipping-taxable","14":"purchasable","15":"product-type-simple"},"_links":{"self":[{"href":"https:\/\/4room.lv\/en\/wp-json\/wp\/v2\/product\/158122","targetHints":{"allow":["GET"]}}],"collection":[{"href":"https:\/\/4room.lv\/en\/wp-json\/wp\/v2\/product"}],"about":[{"href":"https:\/\/4room.lv\/en\/wp-json\/wp\/v2\/types\/product"}],"wp:featuredmedia":[{"embeddable":true,"href":"https:\/\/4room.lv\/en\/wp-json\/wp\/v2\/media\/158126"}],"wp:attachment":[{"href":"https:\/\/4room.lv\/en\/wp-json\/wp\/v2\/media?parent=158122"}],"wp:term":[{"taxonomy":"product_cat","embeddable":true,"href":"https:\/\/4room.lv\/en\/wp-json\/wp\/v2\/product_cat?post=158122"},{"taxonomy":"product_tag","embeddable":true,"href":"https:\/\/4room.lv\/en\/wp-json\/wp\/v2\/product_tag?post=158122"}],"curies":[{"name":"wp","href":"https:\/\/api.w.org\/{rel}","templated":true}]}}