{"id":158154,"date":"2025-05-30T11:06:43","date_gmt":"2025-05-30T08:06:43","guid":{"rendered":"https:\/\/4room.lv\/?post_type=product&#038;p=158154"},"modified":"2025-12-28T19:18:58","modified_gmt":"2025-12-28T17:18:58","slug":"coffee-table-tiles-blue","status":"publish","type":"product","link":"https:\/\/4room.lv\/en\/veikals\/mebeles\/galdi\/coffee-table-tiles-blue\/","title":{"rendered":"Coffee table Tiles Blue"},"content":{"rendered":"","protected":false},"excerpt":{"rendered":"<p>Izteiksm\u012bgs dizaina elements un praktisks, t\u0101ds ir kafijas galds Tiles no Zuiver jaun\u0101s kolekcijas. Skaists arkveida dzelzs r\u0101mis, kas nokl\u0101ts ar lakot\u0101m fl\u012bz\u0113m. Eleganti zilais tonis ieder\u0113s\u0113sies da\u017e\u0101d\u0101s to\u0146u gamm\u0101s un piedos odzi\u0146u telpai ar savu dizainu.<\/p>\n","protected":false},"featured_media":158170,"template":"","meta":[],"product_cat":[129,142],"product_tag":[],"class_list":{"0":"post-158154","1":"product","2":"type-product","3":"status-publish","4":"has-post-thumbnail","6":"product_brand-dutch-bone","7":"product_brand-white-label-living","8":"product_brand-zuiver","9":"product_cat-mebeles","10":"product_cat-galdi","12":"first","13":"instock","14":"shipping-taxable","15":"purchasable","16":"product-type-simple","17":"hongo-alternate-image-wrap"},"_links":{"self":[{"href":"https:\/\/4room.lv\/en\/wp-json\/wp\/v2\/product\/158154","targetHints":{"allow":["GET"]}}],"collection":[{"href":"https:\/\/4room.lv\/en\/wp-json\/wp\/v2\/product"}],"about":[{"href":"https:\/\/4room.lv\/en\/wp-json\/wp\/v2\/types\/product"}],"wp:featuredmedia":[{"embeddable":true,"href":"https:\/\/4room.lv\/en\/wp-json\/wp\/v2\/media\/158170"}],"wp:attachment":[{"href":"https:\/\/4room.lv\/en\/wp-json\/wp\/v2\/media?parent=158154"}],"wp:term":[{"taxonomy":"product_cat","embeddable":true,"href":"https:\/\/4room.lv\/en\/wp-json\/wp\/v2\/product_cat?post=158154"},{"taxonomy":"product_tag","embeddable":true,"href":"https:\/\/4room.lv\/en\/wp-json\/wp\/v2\/product_tag?post=158154"}],"curies":[{"name":"wp","href":"https:\/\/api.w.org\/{rel}","templated":true}]}}