{"id":158215,"date":"2025-05-30T14:23:10","date_gmt":"2025-05-30T11:23:10","guid":{"rendered":"https:\/\/4room.lv\/?post_type=product&#038;p=158215"},"modified":"2025-05-30T14:23:10","modified_gmt":"2025-05-30T11:23:10","slug":"blow-led-lamp-mouth","status":"publish","type":"product","link":"https:\/\/4room.lv\/en\/veikals\/apgaismojums\/dekorativais\/blow-led-lamp-mouth\/","title":{"rendered":"Blow Led Lamp Mouth"},"content":{"rendered":"","protected":false},"excerpt":{"rendered":"<p>Sienas Led dekors popart stil\u0101. \u0160is gaismeklis viennoz\u012bm\u012bgi piev\u0113rs\u012bs uzman\u012bbu, ko\u0161i s\u0101rt\u0101s l\u016bpas ar neona Led b\u016bs izteiksm\u012bgs akcents interjer\u0101. Uzdro\u0161inieties ar\u012b j\u016bs drosm\u012bgam dizainam no Seletti Blow kolekcijas!<\/p>\n","protected":false},"featured_media":158216,"template":"","meta":[],"product_cat":[1058,127,147,130],"product_tag":[],"class_list":{"0":"post-158215","1":"product","2":"type-product","3":"status-publish","4":"has-post-thumbnail","6":"product_brand-saletti","7":"product_cat-dizaina","8":"product_cat-apgaismojums","9":"product_cat-dekorativais","10":"product_cat-interjeram","12":"first","13":"instock","14":"shipping-taxable","15":"purchasable","16":"product-type-simple","17":"hongo-alternate-image-wrap"},"_links":{"self":[{"href":"https:\/\/4room.lv\/en\/wp-json\/wp\/v2\/product\/158215","targetHints":{"allow":["GET"]}}],"collection":[{"href":"https:\/\/4room.lv\/en\/wp-json\/wp\/v2\/product"}],"about":[{"href":"https:\/\/4room.lv\/en\/wp-json\/wp\/v2\/types\/product"}],"wp:featuredmedia":[{"embeddable":true,"href":"https:\/\/4room.lv\/en\/wp-json\/wp\/v2\/media\/158216"}],"wp:attachment":[{"href":"https:\/\/4room.lv\/en\/wp-json\/wp\/v2\/media?parent=158215"}],"wp:term":[{"taxonomy":"product_cat","embeddable":true,"href":"https:\/\/4room.lv\/en\/wp-json\/wp\/v2\/product_cat?post=158215"},{"taxonomy":"product_tag","embeddable":true,"href":"https:\/\/4room.lv\/en\/wp-json\/wp\/v2\/product_tag?post=158215"}],"curies":[{"name":"wp","href":"https:\/\/api.w.org\/{rel}","templated":true}]}}